{"id":2744,"date":"2023-08-16T17:07:47","date_gmt":"2023-08-16T15:07:47","guid":{"rendered":"https:\/\/intercare.nursing.unibas.ch\/?page_id=2744"},"modified":"2025-04-02T14:17:05","modified_gmt":"2025-04-02T12:17:05","slug":"etude-interscale","status":"publish","type":"page","link":"https:\/\/intercare.nursing.unibas.ch\/fr\/etude-interscale\/","title":{"rendered":"\u00c9tude INTERSCALE"},"content":{"rendered":"[spb_text_block pb_margin_bottom=\u00a0\u00bbno\u00a0\u00bb pb_border_bottom=\u00a0\u00bbno\u00a0\u00bb width=\u00a0\u00bb1\/1&Prime; el_position=\u00a0\u00bbfirst last\u00a0\u00bb]\n<h3>Vue d&rsquo;ensemble<\/h3>\n[\/spb_text_block] [boxed_content type=\u00a0\u00bbwhitestroke\u00a0\u00bb pb_margin_bottom=\u00a0\u00bbno\u00a0\u00bb width=\u00a0\u00bb1\/1&Prime; el_position=\u00a0\u00bbfirst last\u00a0\u00bb]\n<p>INTERSCALE est un projet de recherche financ\u00e9 par la Fondation Stiftung Pflegewissenschaft Schweiz et le Fonds national suisse (FNS), qui vise \u00e0 reproduire \u00e0 plus grande \u00e9chelle le mod\u00e8le de soins INTERCARE. Il s&rsquo;agira de d\u00e9terminer si un ensemble de strat\u00e9gies de mise en \u0153uvre sollicitant moins de ressources que celles d\u00e9velopp\u00e9es pour le mod\u00e8le INTERCARE sont en mesure de soutenir la mise en \u0153uvre d&rsquo;INTERCARE. Le but est de parvenir \u00e0 une r\u00e9duction tout aussi efficace des transferts hospitaliers non planifi\u00e9s et \u00e0 une mise en \u0153uvre durable d&rsquo;INTERCARE. Le rapport co\u00fbt-efficacit\u00e9 des strat\u00e9gies de mise en \u0153uvre sera \u00e9galement \u00e9valu\u00e9. \u00c0 cette fin, le mod\u00e8le INTERCARE sera adapt\u00e9 et mis \u00e0 jour sur la base des exp\u00e9riences d&rsquo;INTERCARE et, simultan\u00e9ment, un ensemble plus l\u00e9ger de strat\u00e9gies de mise en \u0153uvre sera d\u00e9velopp\u00e9.<\/p>\n<p>L&rsquo;introduction d&rsquo;un mod\u00e8le de soins dirig\u00e9 par des infirmiers-\u00e8res est un processus de d\u00e9veloppement organisationnel qui doit \u00eatre soigneusement guid\u00e9 et soutenu. Diverses strat\u00e9gies de mise en \u0153uvre ont \u00e9t\u00e9 utilis\u00e9es pour introduire avec succ\u00e8s INTERCARE dans les \u00e9tablissements m\u00e9dico-sociaux (EMS). Ces strat\u00e9gies comprenaient des r\u00e9unions d&rsquo;introduction et des s\u00e9ances d&rsquo;encadrement bimensuelles pour les dirigeants des EMS, un programme \u00e9ducatif et des s\u00e9ances d&rsquo;encadrement bimensuelles pour le personnel infirmier d&rsquo;INTERCARE, un retour d&rsquo;information et une analyse comparative des indicateurs de qualit\u00e9, ainsi que des outils (p.ex\u00a0: mat\u00e9riel \u00e9ducatif) pour guider la mise en \u0153uvre d&rsquo;INTERCARE. Les EMS ont trouv\u00e9 les strat\u00e9gies de mise en \u0153uvre tr\u00e8s utiles et importantes pour la r\u00e9ussite d\u2019INTERCARE. Cependant, les strat\u00e9gies utilis\u00e9es \u00e9taient tr\u00e8s co\u00fbteuses et exigeaient beaucoup de ressources, tant pour les EMS que pour le groupe de recherche. Pour qu&rsquo;INTERCARE soit largement diffus\u00e9 \u00e0 l&rsquo;avenir, il est essentiel que les strat\u00e9gies de mise en \u0153uvre aient un rapport co\u00fbt-b\u00e9n\u00e9fice satisfaisant.<\/p>\n[\/boxed_content] [blank_spacer height=\u00a0\u00bb30px\u00a0\u00bb width=\u00a0\u00bb1\/1&Prime; el_position=\u00a0\u00bbfirst last\u00a0\u00bb] [spb_text_block pb_margin_bottom=\u00a0\u00bbno\u00a0\u00bb pb_border_bottom=\u00a0\u00bbno\u00a0\u00bb width=\u00a0\u00bb1\/1&Prime; el_position=\u00a0\u00bbfirst last\u00a0\u00bb]\n<h3>Le projet de recherche<\/h3>\n[\/spb_text_block] [boxed_content type=\u00a0\u00bbwhitestroke\u00a0\u00bb pb_margin_bottom=\u00a0\u00bbno\u00a0\u00bb width=\u00a0\u00bb1\/1&Prime; el_position=\u00a0\u00bbfirst last\u00a0\u00bb]\n<p>Le projet de recherche INTERSCALE se compose de deux parties ; le Lot de travail 1 (LT1, 2022-2024) et le Lot de travail 2 (LT2, 2024-2028). Le projet durera au total 6 ans (2022-2028).<\/p>\n<p>L&rsquo;objectif du LT1 est de construire le cadre modulable d&rsquo;INTERCARE, c&rsquo;est-\u00e0-dire de mettre \u00e0 jour le mod\u00e8le INTERCARE et d&rsquo;adapter l&rsquo;ensemble initial de strat\u00e9gies de mise en \u0153uvre utilis\u00e9es pour soutenir la mise en \u0153uvre d&rsquo;INTERCARE dans les EMS, ainsi que de d\u00e9velopper un nouvel ensemble de strat\u00e9gies de mise en \u0153uvre qui demandent moins de ressources. Dans le LT2, l&rsquo;objectif est de mettre en \u0153uvre INTERCARE et d&rsquo;\u00e9valuer l&rsquo;effet de l&rsquo;ensemble des strat\u00e9gies de mise en \u0153uvre all\u00e9g\u00e9es sur les r\u00e9sultats de la mise en \u0153uvre, les co\u00fbts et les r\u00e9sultats pour les r\u00e9sidents-es dans environ 40 EMS en Suisse al\u00e9manique.<\/p>\n<p>INTERSCALE permet d\u2019apporter des conclusions fond\u00e9es sur des donn\u00e9es probantes, sur la fa\u00e7on dont les EMS peuvent \u00eatre soutenus de mani\u00e8re rentable, pour mettre en \u0153uvre avec succ\u00e8s un mod\u00e8le de soins dirig\u00e9 par des infirmiers-\u00e8res tel que le mod\u00e8le INTERCARE. Une approche participative permet d&rsquo;\u00e9laborer des strat\u00e9gies de mise en \u0153uvre pertinentes et acceptables pour les EMS en Suisse al\u00e9manique.<\/p>\n<p>Cette \u00e9tude produira un rapport accessible au public d\u00e9crivant et \u00e9valuant les diff\u00e9rents ensembles de strat\u00e9gies de mise en \u0153uvre. Ces r\u00e9sultats permettront aux politicien-ne-s, aux associations de prestataires et \u00e0 d&rsquo;autres organisations de soutenir de mani\u00e8re optimale les EMS en renfor\u00e7ant l&rsquo;expertise infirmi\u00e8re et en d\u00e9veloppant la qualit\u00e9 des soins infirmiers, afin de faire face aux d\u00e9fis actuels et futurs.<\/p>\n[\/boxed_content] [blank_spacer height=\u00a0\u00bb30px\u00a0\u00bb width=\u00a0\u00bb1\/1&Prime; el_position=\u00a0\u00bbfirst last\u00a0\u00bb] [spb_text_block pb_margin_bottom=\u00a0\u00bbno\u00a0\u00bb pb_border_bottom=\u00a0\u00bbno\u00a0\u00bb width=\u00a0\u00bb1\/1&Prime; el_position=\u00a0\u00bbfirst last\u00a0\u00bb]\n<h3>Financement<\/h3>\n[\/spb_text_block] [boxed_content type=\u00a0\u00bbwhitestroke\u00a0\u00bb pb_margin_bottom=\u00a0\u00bbno\u00a0\u00bb width=\u00a0\u00bb1\/1&Prime; el_position=\u00a0\u00bbfirst last\u00a0\u00bb]\n<p>INTERSCALE b\u00e9n\u00e9ficie du soutien financier de:<\/p>\n<p><a href=\"https:\/\/www.stiftung-pflegewissenschaft.ch\/de\/\"><img loading=\"lazy\" decoding=\"async\" class=\"alignnone wp-image-2138\" src=\"https:\/\/intercare.nursing.unibas.ch\/wp-content\/uploads\/2023\/02\/stiftung-pflegewissenschaft-logo.png\" alt=\"\" width=\"265\" height=\"172\" \/><\/a><img loading=\"lazy\" decoding=\"async\" class=\"alignnone wp-image-2747 size-medium\" src=\"https:\/\/intercare.nursing.unibas.ch\/wp-content\/uploads\/2023\/08\/fns_vignette-300x131.jpg\" alt=\"\" width=\"300\" height=\"131\" srcset=\"https:\/\/intercare.nursing.unibas.ch\/wp-content\/uploads\/2023\/08\/fns_vignette-300x131.jpg 300w, https:\/\/intercare.nursing.unibas.ch\/wp-content\/uploads\/2023\/08\/fns_vignette.jpg 480w\" sizes=\"auto, (max-width: 300px) 100vw, 300px\" \/><img loading=\"lazy\" decoding=\"async\" class=\"alignnone size-full wp-image-2969\" src=\"https:\/\/intercare.nursing.unibas.ch\/wp-content\/uploads\/2024\/06\/Ebnet-Stiftung-2.png\" alt=\"\" width=\"400\" height=\"111\" srcset=\"https:\/\/intercare.nursing.unibas.ch\/wp-content\/uploads\/2024\/06\/Ebnet-Stiftung-2.png 400w, https:\/\/intercare.nursing.unibas.ch\/wp-content\/uploads\/2024\/06\/Ebnet-Stiftung-2-300x83.png 300w\" sizes=\"auto, (max-width: 400px) 100vw, 400px\" \/><\/p>\n<p>&nbsp;<\/p>\n[\/boxed_content]\n","protected":false},"excerpt":{"rendered":"<p>[spb_text_block pb_margin_bottom=\u00a0\u00bbno\u00a0\u00bb pb_border_bottom=\u00a0\u00bbno\u00a0\u00bb width=\u00a0\u00bb1\/1&Prime; el_position=\u00a0\u00bbfirst last\u00a0\u00bb] Vue d&rsquo;ensemble [\/spb_text_block] [boxed_content type=\u00a0\u00bbwhitestroke\u00a0\u00bb pb_margin_bottom=\u00a0\u00bbno\u00a0\u00bb width=\u00a0\u00bb1\/1&Prime; el_position=\u00a0\u00bbfirst last\u00a0\u00bb] INTERSCALE est un projet de recherche financ\u00e9 par la Fondation Stiftung Pflegewissenschaft Schweiz et le Fonds national suisse (FNS), qui vise \u00e0 reproduire \u00e0 plus grande \u00e9chelle le mod\u00e8le de soins INTERCARE. Il s&rsquo;agira de d\u00e9terminer si un ensemble de strat\u00e9gies de mise en \u0153uvre [&hellip;]<\/p>\n","protected":false},"author":11,"featured_media":0,"parent":0,"menu_order":10,"comment_status":"closed","ping_status":"closed","template":"","meta":{"footnotes":""},"folder":[32],"class_list":["post-2744","page","type-page","status-publish","hentry"],"yoast_head":"<!-- This site is optimized with the Yoast SEO plugin v27.5 - https:\/\/yoast.com\/product\/yoast-seo-wordpress\/ -->\n<title>\u00c9tude INTERSCALE - Intercare<\/title>\n<meta name=\"robots\" content=\"index, follow, max-snippet:-1, max-image-preview:large, max-video-preview:-1\" \/>\n<link rel=\"canonical\" href=\"https:\/\/intercare.nursing.unibas.ch\/fr\/etude-interscale\/\" \/>\n<meta property=\"og:locale\" content=\"fr_FR\" \/>\n<meta property=\"og:type\" content=\"article\" \/>\n<meta property=\"og:title\" content=\"\u00c9tude INTERSCALE - Intercare\" \/>\n<meta property=\"og:description\" content=\"[spb_text_block pb_margin_bottom=\u00a0\u00bbno\u00a0\u00bb pb_border_bottom=\u00a0\u00bbno\u00a0\u00bb width=\u00a0\u00bb1\/1&Prime; el_position=\u00a0\u00bbfirst last\u00a0\u00bb] Vue d&rsquo;ensemble [\/spb_text_block] [boxed_content type=\u00a0\u00bbwhitestroke\u00a0\u00bb pb_margin_bottom=\u00a0\u00bbno\u00a0\u00bb width=\u00a0\u00bb1\/1&Prime; el_position=\u00a0\u00bbfirst last\u00a0\u00bb] INTERSCALE est un projet de recherche financ\u00e9 par la Fondation Stiftung Pflegewissenschaft Schweiz et le Fonds national suisse (FNS), qui vise \u00e0 reproduire \u00e0 plus grande \u00e9chelle le mod\u00e8le de soins INTERCARE. Il s&rsquo;agira de d\u00e9terminer si un ensemble de strat\u00e9gies de mise en \u0153uvre [&hellip;]\" \/>\n<meta property=\"og:url\" content=\"https:\/\/intercare.nursing.unibas.ch\/fr\/etude-interscale\/\" \/>\n<meta property=\"og:site_name\" content=\"Intercare\" \/>\n<meta property=\"article:modified_time\" content=\"2025-04-02T12:17:05+00:00\" \/>\n<meta property=\"og:image\" content=\"https:\/\/intercare.nursing.unibas.ch\/wp-content\/uploads\/2023\/02\/stiftung-pflegewissenschaft-logo.png\" \/>\n\t<meta property=\"og:image:width\" content=\"300\" \/>\n\t<meta property=\"og:image:height\" content=\"200\" \/>\n\t<meta property=\"og:image:type\" content=\"image\/png\" \/>\n<meta name=\"twitter:card\" content=\"summary_large_image\" \/>\n<meta name=\"twitter:label1\" content=\"Dur\u00e9e de lecture estim\u00e9e\" \/>\n\t<meta name=\"twitter:data1\" content=\"4 minutes\" \/>\n<script type=\"application\/ld+json\" class=\"yoast-schema-graph\">{\"@context\":\"https:\\\/\\\/schema.org\",\"@graph\":[{\"@type\":\"WebPage\",\"@id\":\"https:\\\/\\\/intercare.nursing.unibas.ch\\\/fr\\\/etude-interscale\\\/\",\"url\":\"https:\\\/\\\/intercare.nursing.unibas.ch\\\/fr\\\/etude-interscale\\\/\",\"name\":\"\u00c9tude INTERSCALE - Intercare\",\"isPartOf\":{\"@id\":\"https:\\\/\\\/intercare.nursing.unibas.ch\\\/#website\"},\"primaryImageOfPage\":{\"@id\":\"https:\\\/\\\/intercare.nursing.unibas.ch\\\/fr\\\/etude-interscale\\\/#primaryimage\"},\"image\":{\"@id\":\"https:\\\/\\\/intercare.nursing.unibas.ch\\\/fr\\\/etude-interscale\\\/#primaryimage\"},\"thumbnailUrl\":\"https:\\\/\\\/intercare.nursing.unibas.ch\\\/wp-content\\\/uploads\\\/2023\\\/02\\\/stiftung-pflegewissenschaft-logo.png\",\"datePublished\":\"2023-08-16T15:07:47+00:00\",\"dateModified\":\"2025-04-02T12:17:05+00:00\",\"breadcrumb\":{\"@id\":\"https:\\\/\\\/intercare.nursing.unibas.ch\\\/fr\\\/etude-interscale\\\/#breadcrumb\"},\"inLanguage\":\"fr-FR\",\"potentialAction\":[{\"@type\":\"ReadAction\",\"target\":[\"https:\\\/\\\/intercare.nursing.unibas.ch\\\/fr\\\/etude-interscale\\\/\"]}]},{\"@type\":\"ImageObject\",\"inLanguage\":\"fr-FR\",\"@id\":\"https:\\\/\\\/intercare.nursing.unibas.ch\\\/fr\\\/etude-interscale\\\/#primaryimage\",\"url\":\"https:\\\/\\\/intercare.nursing.unibas.ch\\\/wp-content\\\/uploads\\\/2023\\\/02\\\/stiftung-pflegewissenschaft-logo.png\",\"contentUrl\":\"https:\\\/\\\/intercare.nursing.unibas.ch\\\/wp-content\\\/uploads\\\/2023\\\/02\\\/stiftung-pflegewissenschaft-logo.png\"},{\"@type\":\"BreadcrumbList\",\"@id\":\"https:\\\/\\\/intercare.nursing.unibas.ch\\\/fr\\\/etude-interscale\\\/#breadcrumb\",\"itemListElement\":[{\"@type\":\"ListItem\",\"position\":1,\"name\":\"Startseite\",\"item\":\"https:\\\/\\\/intercare.nursing.unibas.ch\\\/fr\\\/\"},{\"@type\":\"ListItem\",\"position\":2,\"name\":\"\u00c9tude INTERSCALE\"}]},{\"@type\":\"WebSite\",\"@id\":\"https:\\\/\\\/intercare.nursing.unibas.ch\\\/#website\",\"url\":\"https:\\\/\\\/intercare.nursing.unibas.ch\\\/\",\"name\":\"Intercare\",\"description\":\"Pflegegeleitete Vorsorgemodelle\",\"publisher\":{\"@id\":\"https:\\\/\\\/intercare.nursing.unibas.ch\\\/#organization\"},\"potentialAction\":[{\"@type\":\"SearchAction\",\"target\":{\"@type\":\"EntryPoint\",\"urlTemplate\":\"https:\\\/\\\/intercare.nursing.unibas.ch\\\/?s={search_term_string}\"},\"query-input\":{\"@type\":\"PropertyValueSpecification\",\"valueRequired\":true,\"valueName\":\"search_term_string\"}}],\"inLanguage\":\"fr-FR\"},{\"@type\":\"Organization\",\"@id\":\"https:\\\/\\\/intercare.nursing.unibas.ch\\\/#organization\",\"name\":\"Intercare\",\"url\":\"https:\\\/\\\/intercare.nursing.unibas.ch\\\/\",\"logo\":{\"@type\":\"ImageObject\",\"inLanguage\":\"fr-FR\",\"@id\":\"https:\\\/\\\/intercare.nursing.unibas.ch\\\/#\\\/schema\\\/logo\\\/image\\\/\",\"url\":\"https:\\\/\\\/intercare.nursing.unibas.ch\\\/wp-content\\\/uploads\\\/2023\\\/03\\\/cropped-interscale-intercare-reasearch-project.png\",\"contentUrl\":\"https:\\\/\\\/intercare.nursing.unibas.ch\\\/wp-content\\\/uploads\\\/2023\\\/03\\\/cropped-interscale-intercare-reasearch-project.png\",\"width\":334,\"height\":40,\"caption\":\"Intercare\"},\"image\":{\"@id\":\"https:\\\/\\\/intercare.nursing.unibas.ch\\\/#\\\/schema\\\/logo\\\/image\\\/\"}}]}<\/script>\n<!-- \/ Yoast SEO plugin. -->","yoast_head_json":{"title":"\u00c9tude INTERSCALE - Intercare","robots":{"index":"index","follow":"follow","max-snippet":"max-snippet:-1","max-image-preview":"max-image-preview:large","max-video-preview":"max-video-preview:-1"},"canonical":"https:\/\/intercare.nursing.unibas.ch\/fr\/etude-interscale\/","og_locale":"fr_FR","og_type":"article","og_title":"\u00c9tude INTERSCALE - Intercare","og_description":"[spb_text_block pb_margin_bottom=\u00a0\u00bbno\u00a0\u00bb pb_border_bottom=\u00a0\u00bbno\u00a0\u00bb width=\u00a0\u00bb1\/1&Prime; el_position=\u00a0\u00bbfirst last\u00a0\u00bb] Vue d&rsquo;ensemble [\/spb_text_block] [boxed_content type=\u00a0\u00bbwhitestroke\u00a0\u00bb pb_margin_bottom=\u00a0\u00bbno\u00a0\u00bb width=\u00a0\u00bb1\/1&Prime; el_position=\u00a0\u00bbfirst last\u00a0\u00bb] INTERSCALE est un projet de recherche financ\u00e9 par la Fondation Stiftung Pflegewissenschaft Schweiz et le Fonds national suisse (FNS), qui vise \u00e0 reproduire \u00e0 plus grande \u00e9chelle le mod\u00e8le de soins INTERCARE. Il s&rsquo;agira de d\u00e9terminer si un ensemble de strat\u00e9gies de mise en \u0153uvre [&hellip;]","og_url":"https:\/\/intercare.nursing.unibas.ch\/fr\/etude-interscale\/","og_site_name":"Intercare","article_modified_time":"2025-04-02T12:17:05+00:00","og_image":[{"width":300,"height":200,"url":"https:\/\/intercare.nursing.unibas.ch\/wp-content\/uploads\/2023\/02\/stiftung-pflegewissenschaft-logo.png","type":"image\/png"}],"twitter_card":"summary_large_image","twitter_misc":{"Dur\u00e9e de lecture estim\u00e9e":"4 minutes"},"schema":{"@context":"https:\/\/schema.org","@graph":[{"@type":"WebPage","@id":"https:\/\/intercare.nursing.unibas.ch\/fr\/etude-interscale\/","url":"https:\/\/intercare.nursing.unibas.ch\/fr\/etude-interscale\/","name":"\u00c9tude INTERSCALE - Intercare","isPartOf":{"@id":"https:\/\/intercare.nursing.unibas.ch\/#website"},"primaryImageOfPage":{"@id":"https:\/\/intercare.nursing.unibas.ch\/fr\/etude-interscale\/#primaryimage"},"image":{"@id":"https:\/\/intercare.nursing.unibas.ch\/fr\/etude-interscale\/#primaryimage"},"thumbnailUrl":"https:\/\/intercare.nursing.unibas.ch\/wp-content\/uploads\/2023\/02\/stiftung-pflegewissenschaft-logo.png","datePublished":"2023-08-16T15:07:47+00:00","dateModified":"2025-04-02T12:17:05+00:00","breadcrumb":{"@id":"https:\/\/intercare.nursing.unibas.ch\/fr\/etude-interscale\/#breadcrumb"},"inLanguage":"fr-FR","potentialAction":[{"@type":"ReadAction","target":["https:\/\/intercare.nursing.unibas.ch\/fr\/etude-interscale\/"]}]},{"@type":"ImageObject","inLanguage":"fr-FR","@id":"https:\/\/intercare.nursing.unibas.ch\/fr\/etude-interscale\/#primaryimage","url":"https:\/\/intercare.nursing.unibas.ch\/wp-content\/uploads\/2023\/02\/stiftung-pflegewissenschaft-logo.png","contentUrl":"https:\/\/intercare.nursing.unibas.ch\/wp-content\/uploads\/2023\/02\/stiftung-pflegewissenschaft-logo.png"},{"@type":"BreadcrumbList","@id":"https:\/\/intercare.nursing.unibas.ch\/fr\/etude-interscale\/#breadcrumb","itemListElement":[{"@type":"ListItem","position":1,"name":"Startseite","item":"https:\/\/intercare.nursing.unibas.ch\/fr\/"},{"@type":"ListItem","position":2,"name":"\u00c9tude INTERSCALE"}]},{"@type":"WebSite","@id":"https:\/\/intercare.nursing.unibas.ch\/#website","url":"https:\/\/intercare.nursing.unibas.ch\/","name":"Intercare","description":"Pflegegeleitete Vorsorgemodelle","publisher":{"@id":"https:\/\/intercare.nursing.unibas.ch\/#organization"},"potentialAction":[{"@type":"SearchAction","target":{"@type":"EntryPoint","urlTemplate":"https:\/\/intercare.nursing.unibas.ch\/?s={search_term_string}"},"query-input":{"@type":"PropertyValueSpecification","valueRequired":true,"valueName":"search_term_string"}}],"inLanguage":"fr-FR"},{"@type":"Organization","@id":"https:\/\/intercare.nursing.unibas.ch\/#organization","name":"Intercare","url":"https:\/\/intercare.nursing.unibas.ch\/","logo":{"@type":"ImageObject","inLanguage":"fr-FR","@id":"https:\/\/intercare.nursing.unibas.ch\/#\/schema\/logo\/image\/","url":"https:\/\/intercare.nursing.unibas.ch\/wp-content\/uploads\/2023\/03\/cropped-interscale-intercare-reasearch-project.png","contentUrl":"https:\/\/intercare.nursing.unibas.ch\/wp-content\/uploads\/2023\/03\/cropped-interscale-intercare-reasearch-project.png","width":334,"height":40,"caption":"Intercare"},"image":{"@id":"https:\/\/intercare.nursing.unibas.ch\/#\/schema\/logo\/image\/"}}]}},"_links":{"self":[{"href":"https:\/\/intercare.nursing.unibas.ch\/fr\/wp-json\/wp\/v2\/pages\/2744","targetHints":{"allow":["GET"]}}],"collection":[{"href":"https:\/\/intercare.nursing.unibas.ch\/fr\/wp-json\/wp\/v2\/pages"}],"about":[{"href":"https:\/\/intercare.nursing.unibas.ch\/fr\/wp-json\/wp\/v2\/types\/page"}],"author":[{"embeddable":true,"href":"https:\/\/intercare.nursing.unibas.ch\/fr\/wp-json\/wp\/v2\/users\/11"}],"replies":[{"embeddable":true,"href":"https:\/\/intercare.nursing.unibas.ch\/fr\/wp-json\/wp\/v2\/comments?post=2744"}],"version-history":[{"count":4,"href":"https:\/\/intercare.nursing.unibas.ch\/fr\/wp-json\/wp\/v2\/pages\/2744\/revisions"}],"predecessor-version":[{"id":3046,"href":"https:\/\/intercare.nursing.unibas.ch\/fr\/wp-json\/wp\/v2\/pages\/2744\/revisions\/3046"}],"wp:attachment":[{"href":"https:\/\/intercare.nursing.unibas.ch\/fr\/wp-json\/wp\/v2\/media?parent=2744"}],"wp:term":[{"taxonomy":"folder","embeddable":true,"href":"https:\/\/intercare.nursing.unibas.ch\/fr\/wp-json\/wp\/v2\/folder?post=2744"}],"curies":[{"name":"wp","href":"https:\/\/api.w.org\/{rel}","templated":true}]}}