{"id":2108,"date":"2023-08-16T16:33:34","date_gmt":"2023-08-16T14:33:34","guid":{"rendered":"https:\/\/intercare.nursing.unibas.ch\/?page_id=2108"},"modified":"2023-08-28T12:51:12","modified_gmt":"2023-08-28T10:51:12","slug":"etude-intercare","status":"publish","type":"page","link":"https:\/\/intercare.nursing.unibas.ch\/fr\/etude-intercare\/","title":{"rendered":"\u00c9tude INTERCARE"},"content":{"rendered":"[spb_text_block pb_margin_bottom=\u00a0\u00bbno\u00a0\u00bb pb_border_bottom=\u00a0\u00bbno\u00a0\u00bb width=\u00a0\u00bb1\/1&Prime; el_position=\u00a0\u00bbfirst last\u00a0\u00bb]\n<h3>Vue d&rsquo;ensemble<\/h3>\n[\/spb_text_block] [boxed_content type=\u00a0\u00bbwhitestroke\u00a0\u00bb pb_margin_bottom=\u00a0\u00bbyes\u00a0\u00bb width=\u00a0\u00bb1\/1&Prime; el_position=\u00a0\u00bbfirst last\u00a0\u00bb]\n<p>Les \u00e9tablissements m\u00e9dico-sociaux (EMS) sont contraints de fournir des soins de haute qualit\u00e9 dans des conditions difficiles. La p\u00e9nurie de sp\u00e9cialistes, les conditions financi\u00e8res difficiles et le manque partiel d&rsquo;acc\u00e8s \u00e0 l&rsquo;expertise g\u00e9riatrique sont des d\u00e9fis qui n\u00e9cessitent de nouvelles solutions. Le maintien de la qualit\u00e9 des soins exige une utilisation optimale de professionnel-le-s hautement qualifi\u00e9-e-s ayant des comp\u00e9tences en g\u00e9riatrie. Une solution possible r\u00e9side dans les mod\u00e8les de soins dirig\u00e9s par des infirmier-e-s, dans lesquels les infirmier-e-s ayant une formation g\u00e9riatrique approfondie assument des r\u00f4les \u00e9largis pour encadrer les \u00e9quipes de soins et renforcer la collaboration interprofessionnelle. L&rsquo;un de ces mod\u00e8les est INTERCARE, qui a \u00e9t\u00e9 d\u00e9velopp\u00e9 et mis en \u0153uvre avec succ\u00e8s sur la base d&rsquo;une analyse contextuelle minutieuse pour les EMS dans la partie al\u00e9manique de la Suisse.<\/p>\n<p>Le projet de recherche INTERCARE a \u00e9t\u00e9 financ\u00e9 par le Fonds national suisse de la recherche scientifique (Programme national de recherche 74), la Fondation Stiftung Pflegewissenschaft) et la Fondation Ebnet. L&rsquo;objectif \u00e9tait de r\u00e9duire les transferts hospitaliers non planifi\u00e9s en mettant en \u0153uvre un mod\u00e8le de soins interprofessionnel dirig\u00e9 par des infirmier-e-s dans un groupe d\u2019EMS en Suisses al\u00e9manique.<\/p>\n<p>Le <span style=\"color: #ff9900;\"><a style=\"color: #ff9900;\" href=\"https:\/\/intercare.nursing.unibas.ch\/fr\/le-modele-intercare\/\" target=\"_blank\" rel=\"noopener\">mod\u00e8le INTERCARE<\/a><\/span> a \u00e9t\u00e9 \u00e9valu\u00e9 pendant <span style=\"color: #ff9900;\"><a style=\"color: #ff9900;\" href=\"https:\/\/intercare.nursing.unibas.ch\/fr\/processus-de-letude-intercare\/\" target=\"_blank\" rel=\"noopener\">21 mois (2018-2020)<\/a><\/span> dans onze EMS en Suisse al\u00e9manique, et son \u00e9valuation a pu montrer une efficacit\u00e9 dans la r\u00e9duction des transferts hospitaliers non planifi\u00e9s. Cette \u00e9tude a confirm\u00e9 les r\u00e9sultats \u00e9tablis au niveau international relatifs \u00e0 l&rsquo;efficacit\u00e9 des mod\u00e8les de soins dirig\u00e9s par des infirmier-e-s dans l&rsquo;am\u00e9lioration de la qualit\u00e9 des soins dans les EMS.<\/p>\n<p>L&rsquo;\u00e9valuation concomittante du projet a montr\u00e9 une acceptation \u00e9lev\u00e9e d\u2019INTERCARE par les EMS et, trois ans apr\u00e8s la fin du projet, ce dernier est toujours en place dans les onze EMS.<\/p>\n<p>INTERCARE d\u00e9montre qu\u2019il s\u2019agit d\u2019une solution durable dans le contexte suisse pour faire face aux d\u00e9fis actuels dans le secteur des EMS.<\/p>\n[\/boxed_content] [spb_text_block pb_margin_bottom=\u00a0\u00bbno\u00a0\u00bb pb_border_bottom=\u00a0\u00bbno\u00a0\u00bb width=\u00a0\u00bb1\/1&Prime; el_position=\u00a0\u00bbfirst last\u00a0\u00bb]\n<h3>Le projet de recherche<\/h3>\n[\/spb_text_block] [boxed_content type=\u00a0\u00bbwhitestroke\u00a0\u00bb pb_margin_bottom=\u00a0\u00bbyes\u00a0\u00bb width=\u00a0\u00bb1\/1&Prime; el_position=\u00a0\u00bbfirst last\u00a0\u00bb]\n<p>Le projet de recherche INTERCARE s\u2019est d\u00e9roul\u00e9 en deux phases, <span style=\"color: #ff9900;\"><a style=\"color: #ff9900;\" href=\"https:\/\/intercare.nursing.unibas.ch\/fr\/processus-de-letude-intercare\/\" target=\"_blank\" rel=\"noopener\">sur quatre ans (2017-2020)<\/a><\/span>: la premi\u00e8re phase A (2017-2018) et la Phase B (2018-2020).<\/p>\n<p>La Phase A a permis de d\u00e9velopper un <span style=\"color: #ff9900;\"><a style=\"color: #ff9900;\" href=\"https:\/\/intercare.nursing.unibas.ch\/fr\/le-modele-intercare\/\" target=\"_blank\" rel=\"noopener\">nouveau mod\u00e8le de soins dirig\u00e9 par des infirmier-e-s<\/a><\/span> comprenant six \u00e9l\u00e9ments-cl\u00e9s (\u00ab\u00a0pi\u00e8ces d\u2019un puzzle\u00a0\u00bb). Dans la Phase B du projet de recherche INTERCARE, le mod\u00e8le de soins INTERCARE a \u00e9t\u00e9 introduit et \u00e9valu\u00e9 dans 11 EMS en Suisse al\u00e9manique.<\/p>\n<p>L\u2019\u00e9tude a permis de tirer les premi\u00e8res conclusions fond\u00e9es sur des donn\u00e9es probantes, quant \u00e0 l\u2019utilisation d\u2019infirmier-e-s avec une formation compl\u00e9mentaire en g\u00e9riatrie (infirmier-e-s avec des r\u00f4les \u00e9largis) au sein d\u2019\u00e9quipes interprofessionnelles d\u2019EMS.<\/p>\n<p>INTERCARE r\u00e9pond au manque d\u2019acc\u00e8s \u00e0 l\u2019expertise g\u00e9riatrique dans les EMS suisses et permet de d\u00e9velopper des solutions durables.<\/p>\n<p>Sur la base de l\u2019\u00e9tude, deux rapports accessibles au public ont \u00e9t\u00e9 produits :<\/p>\n<ol>\n<li><span style=\"color: #ff9900;\"><a style=\"color: #ff9900;\" href=\"https:\/\/intercare.nursing.unibas.ch\/fr\/publications\/\" target=\"_blank\" rel=\"noopener\">Rapport<\/a><\/span> D\u00e9veloppement d\u2019un mod\u00e8le de soins dirig\u00e9 par des infirmier-\u00e8res avec des \u00e9l\u00e9ments essentiels et variables adapt\u00e9s \u00e0 la Suisse ainsi qu\u2019une liste de crit\u00e8res aidant la mise en \u0153uvre.<\/li>\n<li><span style=\"color: #ff9900;\"><a style=\"color: #ff9900;\" href=\"https:\/\/intercare.nursing.unibas.ch\/fr\/publications\/\" target=\"_blank\" rel=\"noopener\">Rapport<\/a> <\/span>d\u2019\u00e9valuation de l\u2019\u00e9tude.<\/li>\n<\/ol>\n<p>Ces rapports fournissent aux acteurs des EMS, comme aux acteurs politiques, une base pour la diffusion de ce mod\u00e8le de soins infirmiers.<\/p>\n[\/boxed_content] [spb_text_block pb_margin_bottom=\u00a0\u00bbno\u00a0\u00bb pb_border_bottom=\u00a0\u00bbno\u00a0\u00bb width=\u00a0\u00bb1\/1&Prime; el_position=\u00a0\u00bbfirst last\u00a0\u00bb]\n<h3>Financement<\/h3>\n[\/spb_text_block] [boxed_content type=\u00a0\u00bbwhitestroke\u00a0\u00bb pb_margin_bottom=\u00a0\u00bbyes\u00a0\u00bb width=\u00a0\u00bb1\/1&Prime; el_position=\u00a0\u00bbfirst last\u00a0\u00bb]\n<p>L\u2019\u00e9tude INTERCARE a \u00e9t\u00e9 financ\u00e9e par:<\/p>\n<p>&nbsp;<\/p>\n<p><a href=\"http:\/\/www.stiftung-pflegewissenschaft.ch\/start.php\" target=\"_blank\" rel=\"noopener noreferrer\"><img loading=\"lazy\" decoding=\"async\" class=\"alignnone size-full wp-image-802\" src=\"https:\/\/intercare.nursing.unibas.ch\/wp-content\/uploads\/2019\/04\/Logo_Stiftung-Pflegewissenschaft.png\" alt=\"\" width=\"291\" height=\"173\" \/><\/a>\u00a0\u00a0\u00a0\u00a0\u00a0\u00a0\u00a0\u00a0\u00a0\u00a0\u00a0\u00a0\u00a0\u00a0\u00a0\u00a0\u00a0\u00a0\u00a0\u00a0\u00a0 <a href=\"http:\/\/www.ebnet-stiftung.ch\/\" target=\"_blank\" rel=\"noopener noreferrer\"><img loading=\"lazy\" decoding=\"async\" class=\"alignnone size-medium wp-image-798\" src=\"https:\/\/intercare.nursing.unibas.ch\/wp-content\/uploads\/2019\/04\/Logo_Ebnet-Stiftung-300x79.jpg\" alt=\"\" width=\"300\" height=\"79\" srcset=\"https:\/\/intercare.nursing.unibas.ch\/wp-content\/uploads\/2019\/04\/Logo_Ebnet-Stiftung-300x79.jpg 300w, https:\/\/intercare.nursing.unibas.ch\/wp-content\/uploads\/2019\/04\/Logo_Ebnet-Stiftung.jpg 717w\" sizes=\"auto, (max-width: 300px) 100vw, 300px\" \/><\/a><\/p>\n<p>&nbsp;<\/p>\n<p><a href=\"http:\/\/www.nfp74.ch\/de\/\" target=\"_blank\" rel=\"noopener noreferrer\"><img loading=\"lazy\" decoding=\"async\" class=\"alignnone size-medium wp-image-479\" src=\"https:\/\/intercare.nursing.unibas.ch\/wp-content\/uploads\/2018\/12\/Logo_NFP74_schwrze-Schrift-300x80.png\" alt=\"\" width=\"300\" height=\"80\" srcset=\"https:\/\/intercare.nursing.unibas.ch\/wp-content\/uploads\/2018\/12\/Logo_NFP74_schwrze-Schrift-300x80.png 300w, https:\/\/intercare.nursing.unibas.ch\/wp-content\/uploads\/2018\/12\/Logo_NFP74_schwrze-Schrift.png 312w\" sizes=\"auto, (max-width: 300px) 100vw, 300px\" \/><\/a>\u00a0\u00a0\u00a0\u00a0\u00a0\u00a0\u00a0\u00a0\u00a0\u00a0\u00a0\u00a0\u00a0\u00a0\u00a0\u00a0 <a href=\"http:\/\/www.snf.ch\/de\/Seiten\/default.aspx\" target=\"_blank\" rel=\"noopener noreferrer\"><img loading=\"lazy\" decoding=\"async\" class=\"alignnone wp-image-484\" src=\"https:\/\/intercare.nursing.unibas.ch\/wp-content\/uploads\/2018\/12\/Logo_SNF_black-300x82.png\" alt=\"\" width=\"311\" height=\"85\" srcset=\"https:\/\/intercare.nursing.unibas.ch\/wp-content\/uploads\/2018\/12\/Logo_SNF_black-300x82.png 300w, https:\/\/intercare.nursing.unibas.ch\/wp-content\/uploads\/2018\/12\/Logo_SNF_black.png 351w\" sizes=\"auto, (max-width: 311px) 100vw, 311px\" \/><\/a><\/p>\n[\/boxed_content]\n","protected":false},"excerpt":{"rendered":"<p>[spb_text_block pb_margin_bottom=\u00a0\u00bbno\u00a0\u00bb pb_border_bottom=\u00a0\u00bbno\u00a0\u00bb width=\u00a0\u00bb1\/1&Prime; el_position=\u00a0\u00bbfirst last\u00a0\u00bb] Vue d&rsquo;ensemble [\/spb_text_block] [boxed_content type=\u00a0\u00bbwhitestroke\u00a0\u00bb pb_margin_bottom=\u00a0\u00bbyes\u00a0\u00bb width=\u00a0\u00bb1\/1&Prime; el_position=\u00a0\u00bbfirst last\u00a0\u00bb] Les \u00e9tablissements m\u00e9dico-sociaux (EMS) sont contraints de fournir des soins de haute qualit\u00e9 dans des conditions difficiles. La p\u00e9nurie de sp\u00e9cialistes, les conditions financi\u00e8res difficiles et le manque partiel d&rsquo;acc\u00e8s \u00e0 l&rsquo;expertise g\u00e9riatrique sont des d\u00e9fis qui n\u00e9cessitent de nouvelles solutions. Le maintien de la [&hellip;]<\/p>\n","protected":false},"author":1,"featured_media":0,"parent":0,"menu_order":10,"comment_status":"closed","ping_status":"closed","template":"","meta":{"footnotes":""},"folder":[32],"class_list":["post-2108","page","type-page","status-publish","hentry"],"yoast_head":"<!-- This site is optimized with the Yoast SEO plugin v27.4 - https:\/\/yoast.com\/product\/yoast-seo-wordpress\/ -->\n<title>\u00c9tude INTERCARE - Intercare<\/title>\n<meta name=\"robots\" content=\"index, follow, max-snippet:-1, max-image-preview:large, max-video-preview:-1\" \/>\n<link rel=\"canonical\" href=\"https:\/\/intercare.nursing.unibas.ch\/fr\/etude-intercare\/\" \/>\n<meta property=\"og:locale\" content=\"fr_FR\" \/>\n<meta property=\"og:type\" content=\"article\" \/>\n<meta property=\"og:title\" content=\"\u00c9tude INTERCARE - Intercare\" \/>\n<meta property=\"og:description\" content=\"[spb_text_block pb_margin_bottom=\u00a0\u00bbno\u00a0\u00bb pb_border_bottom=\u00a0\u00bbno\u00a0\u00bb width=\u00a0\u00bb1\/1&Prime; el_position=\u00a0\u00bbfirst last\u00a0\u00bb] Vue d&rsquo;ensemble [\/spb_text_block] [boxed_content type=\u00a0\u00bbwhitestroke\u00a0\u00bb pb_margin_bottom=\u00a0\u00bbyes\u00a0\u00bb width=\u00a0\u00bb1\/1&Prime; el_position=\u00a0\u00bbfirst last\u00a0\u00bb] Les \u00e9tablissements m\u00e9dico-sociaux (EMS) sont contraints de fournir des soins de haute qualit\u00e9 dans des conditions difficiles. La p\u00e9nurie de sp\u00e9cialistes, les conditions financi\u00e8res difficiles et le manque partiel d&rsquo;acc\u00e8s \u00e0 l&rsquo;expertise g\u00e9riatrique sont des d\u00e9fis qui n\u00e9cessitent de nouvelles solutions. Le maintien de la [&hellip;]\" \/>\n<meta property=\"og:url\" content=\"https:\/\/intercare.nursing.unibas.ch\/fr\/etude-intercare\/\" \/>\n<meta property=\"og:site_name\" content=\"Intercare\" \/>\n<meta property=\"article:modified_time\" content=\"2023-08-28T10:51:12+00:00\" \/>\n<meta property=\"og:image\" content=\"https:\/\/intercare.nursing.unibas.ch\/wp-content\/uploads\/2019\/04\/Logo_Stiftung-Pflegewissenschaft.png\" \/>\n<meta name=\"twitter:card\" content=\"summary_large_image\" \/>\n<meta name=\"twitter:label1\" content=\"Dur\u00e9e de lecture estim\u00e9e\" \/>\n\t<meta name=\"twitter:data1\" content=\"4 minutes\" \/>\n<script type=\"application\/ld+json\" class=\"yoast-schema-graph\">{\"@context\":\"https:\\\/\\\/schema.org\",\"@graph\":[{\"@type\":\"WebPage\",\"@id\":\"https:\\\/\\\/intercare.nursing.unibas.ch\\\/fr\\\/etude-intercare\\\/\",\"url\":\"https:\\\/\\\/intercare.nursing.unibas.ch\\\/fr\\\/etude-intercare\\\/\",\"name\":\"\u00c9tude INTERCARE - Intercare\",\"isPartOf\":{\"@id\":\"https:\\\/\\\/intercare.nursing.unibas.ch\\\/#website\"},\"primaryImageOfPage\":{\"@id\":\"https:\\\/\\\/intercare.nursing.unibas.ch\\\/fr\\\/etude-intercare\\\/#primaryimage\"},\"image\":{\"@id\":\"https:\\\/\\\/intercare.nursing.unibas.ch\\\/fr\\\/etude-intercare\\\/#primaryimage\"},\"thumbnailUrl\":\"https:\\\/\\\/intercare.nursing.unibas.ch\\\/wp-content\\\/uploads\\\/2019\\\/04\\\/Logo_Stiftung-Pflegewissenschaft.png\",\"datePublished\":\"2023-08-16T14:33:34+00:00\",\"dateModified\":\"2023-08-28T10:51:12+00:00\",\"breadcrumb\":{\"@id\":\"https:\\\/\\\/intercare.nursing.unibas.ch\\\/fr\\\/etude-intercare\\\/#breadcrumb\"},\"inLanguage\":\"fr-FR\",\"potentialAction\":[{\"@type\":\"ReadAction\",\"target\":[\"https:\\\/\\\/intercare.nursing.unibas.ch\\\/fr\\\/etude-intercare\\\/\"]}]},{\"@type\":\"ImageObject\",\"inLanguage\":\"fr-FR\",\"@id\":\"https:\\\/\\\/intercare.nursing.unibas.ch\\\/fr\\\/etude-intercare\\\/#primaryimage\",\"url\":\"https:\\\/\\\/intercare.nursing.unibas.ch\\\/wp-content\\\/uploads\\\/2019\\\/04\\\/Logo_Stiftung-Pflegewissenschaft.png\",\"contentUrl\":\"https:\\\/\\\/intercare.nursing.unibas.ch\\\/wp-content\\\/uploads\\\/2019\\\/04\\\/Logo_Stiftung-Pflegewissenschaft.png\"},{\"@type\":\"BreadcrumbList\",\"@id\":\"https:\\\/\\\/intercare.nursing.unibas.ch\\\/fr\\\/etude-intercare\\\/#breadcrumb\",\"itemListElement\":[{\"@type\":\"ListItem\",\"position\":1,\"name\":\"Startseite\",\"item\":\"https:\\\/\\\/intercare.nursing.unibas.ch\\\/fr\\\/\"},{\"@type\":\"ListItem\",\"position\":2,\"name\":\"\u00c9tude INTERCARE\"}]},{\"@type\":\"WebSite\",\"@id\":\"https:\\\/\\\/intercare.nursing.unibas.ch\\\/#website\",\"url\":\"https:\\\/\\\/intercare.nursing.unibas.ch\\\/\",\"name\":\"Intercare\",\"description\":\"Pflegegeleitete Vorsorgemodelle\",\"publisher\":{\"@id\":\"https:\\\/\\\/intercare.nursing.unibas.ch\\\/#organization\"},\"potentialAction\":[{\"@type\":\"SearchAction\",\"target\":{\"@type\":\"EntryPoint\",\"urlTemplate\":\"https:\\\/\\\/intercare.nursing.unibas.ch\\\/?s={search_term_string}\"},\"query-input\":{\"@type\":\"PropertyValueSpecification\",\"valueRequired\":true,\"valueName\":\"search_term_string\"}}],\"inLanguage\":\"fr-FR\"},{\"@type\":\"Organization\",\"@id\":\"https:\\\/\\\/intercare.nursing.unibas.ch\\\/#organization\",\"name\":\"Intercare\",\"url\":\"https:\\\/\\\/intercare.nursing.unibas.ch\\\/\",\"logo\":{\"@type\":\"ImageObject\",\"inLanguage\":\"fr-FR\",\"@id\":\"https:\\\/\\\/intercare.nursing.unibas.ch\\\/#\\\/schema\\\/logo\\\/image\\\/\",\"url\":\"https:\\\/\\\/intercare.nursing.unibas.ch\\\/wp-content\\\/uploads\\\/2023\\\/03\\\/cropped-interscale-intercare-reasearch-project.png\",\"contentUrl\":\"https:\\\/\\\/intercare.nursing.unibas.ch\\\/wp-content\\\/uploads\\\/2023\\\/03\\\/cropped-interscale-intercare-reasearch-project.png\",\"width\":334,\"height\":40,\"caption\":\"Intercare\"},\"image\":{\"@id\":\"https:\\\/\\\/intercare.nursing.unibas.ch\\\/#\\\/schema\\\/logo\\\/image\\\/\"}}]}<\/script>\n<!-- \/ Yoast SEO plugin. -->","yoast_head_json":{"title":"\u00c9tude INTERCARE - Intercare","robots":{"index":"index","follow":"follow","max-snippet":"max-snippet:-1","max-image-preview":"max-image-preview:large","max-video-preview":"max-video-preview:-1"},"canonical":"https:\/\/intercare.nursing.unibas.ch\/fr\/etude-intercare\/","og_locale":"fr_FR","og_type":"article","og_title":"\u00c9tude INTERCARE - Intercare","og_description":"[spb_text_block pb_margin_bottom=\u00a0\u00bbno\u00a0\u00bb pb_border_bottom=\u00a0\u00bbno\u00a0\u00bb width=\u00a0\u00bb1\/1&Prime; el_position=\u00a0\u00bbfirst last\u00a0\u00bb] Vue d&rsquo;ensemble [\/spb_text_block] [boxed_content type=\u00a0\u00bbwhitestroke\u00a0\u00bb pb_margin_bottom=\u00a0\u00bbyes\u00a0\u00bb width=\u00a0\u00bb1\/1&Prime; el_position=\u00a0\u00bbfirst last\u00a0\u00bb] Les \u00e9tablissements m\u00e9dico-sociaux (EMS) sont contraints de fournir des soins de haute qualit\u00e9 dans des conditions difficiles. La p\u00e9nurie de sp\u00e9cialistes, les conditions financi\u00e8res difficiles et le manque partiel d&rsquo;acc\u00e8s \u00e0 l&rsquo;expertise g\u00e9riatrique sont des d\u00e9fis qui n\u00e9cessitent de nouvelles solutions. Le maintien de la [&hellip;]","og_url":"https:\/\/intercare.nursing.unibas.ch\/fr\/etude-intercare\/","og_site_name":"Intercare","article_modified_time":"2023-08-28T10:51:12+00:00","og_image":[{"url":"https:\/\/intercare.nursing.unibas.ch\/wp-content\/uploads\/2019\/04\/Logo_Stiftung-Pflegewissenschaft.png","type":"","width":"","height":""}],"twitter_card":"summary_large_image","twitter_misc":{"Dur\u00e9e de lecture estim\u00e9e":"4 minutes"},"schema":{"@context":"https:\/\/schema.org","@graph":[{"@type":"WebPage","@id":"https:\/\/intercare.nursing.unibas.ch\/fr\/etude-intercare\/","url":"https:\/\/intercare.nursing.unibas.ch\/fr\/etude-intercare\/","name":"\u00c9tude INTERCARE - Intercare","isPartOf":{"@id":"https:\/\/intercare.nursing.unibas.ch\/#website"},"primaryImageOfPage":{"@id":"https:\/\/intercare.nursing.unibas.ch\/fr\/etude-intercare\/#primaryimage"},"image":{"@id":"https:\/\/intercare.nursing.unibas.ch\/fr\/etude-intercare\/#primaryimage"},"thumbnailUrl":"https:\/\/intercare.nursing.unibas.ch\/wp-content\/uploads\/2019\/04\/Logo_Stiftung-Pflegewissenschaft.png","datePublished":"2023-08-16T14:33:34+00:00","dateModified":"2023-08-28T10:51:12+00:00","breadcrumb":{"@id":"https:\/\/intercare.nursing.unibas.ch\/fr\/etude-intercare\/#breadcrumb"},"inLanguage":"fr-FR","potentialAction":[{"@type":"ReadAction","target":["https:\/\/intercare.nursing.unibas.ch\/fr\/etude-intercare\/"]}]},{"@type":"ImageObject","inLanguage":"fr-FR","@id":"https:\/\/intercare.nursing.unibas.ch\/fr\/etude-intercare\/#primaryimage","url":"https:\/\/intercare.nursing.unibas.ch\/wp-content\/uploads\/2019\/04\/Logo_Stiftung-Pflegewissenschaft.png","contentUrl":"https:\/\/intercare.nursing.unibas.ch\/wp-content\/uploads\/2019\/04\/Logo_Stiftung-Pflegewissenschaft.png"},{"@type":"BreadcrumbList","@id":"https:\/\/intercare.nursing.unibas.ch\/fr\/etude-intercare\/#breadcrumb","itemListElement":[{"@type":"ListItem","position":1,"name":"Startseite","item":"https:\/\/intercare.nursing.unibas.ch\/fr\/"},{"@type":"ListItem","position":2,"name":"\u00c9tude INTERCARE"}]},{"@type":"WebSite","@id":"https:\/\/intercare.nursing.unibas.ch\/#website","url":"https:\/\/intercare.nursing.unibas.ch\/","name":"Intercare","description":"Pflegegeleitete Vorsorgemodelle","publisher":{"@id":"https:\/\/intercare.nursing.unibas.ch\/#organization"},"potentialAction":[{"@type":"SearchAction","target":{"@type":"EntryPoint","urlTemplate":"https:\/\/intercare.nursing.unibas.ch\/?s={search_term_string}"},"query-input":{"@type":"PropertyValueSpecification","valueRequired":true,"valueName":"search_term_string"}}],"inLanguage":"fr-FR"},{"@type":"Organization","@id":"https:\/\/intercare.nursing.unibas.ch\/#organization","name":"Intercare","url":"https:\/\/intercare.nursing.unibas.ch\/","logo":{"@type":"ImageObject","inLanguage":"fr-FR","@id":"https:\/\/intercare.nursing.unibas.ch\/#\/schema\/logo\/image\/","url":"https:\/\/intercare.nursing.unibas.ch\/wp-content\/uploads\/2023\/03\/cropped-interscale-intercare-reasearch-project.png","contentUrl":"https:\/\/intercare.nursing.unibas.ch\/wp-content\/uploads\/2023\/03\/cropped-interscale-intercare-reasearch-project.png","width":334,"height":40,"caption":"Intercare"},"image":{"@id":"https:\/\/intercare.nursing.unibas.ch\/#\/schema\/logo\/image\/"}}]}},"_links":{"self":[{"href":"https:\/\/intercare.nursing.unibas.ch\/fr\/wp-json\/wp\/v2\/pages\/2108","targetHints":{"allow":["GET"]}}],"collection":[{"href":"https:\/\/intercare.nursing.unibas.ch\/fr\/wp-json\/wp\/v2\/pages"}],"about":[{"href":"https:\/\/intercare.nursing.unibas.ch\/fr\/wp-json\/wp\/v2\/types\/page"}],"author":[{"embeddable":true,"href":"https:\/\/intercare.nursing.unibas.ch\/fr\/wp-json\/wp\/v2\/users\/1"}],"replies":[{"embeddable":true,"href":"https:\/\/intercare.nursing.unibas.ch\/fr\/wp-json\/wp\/v2\/comments?post=2108"}],"version-history":[{"count":4,"href":"https:\/\/intercare.nursing.unibas.ch\/fr\/wp-json\/wp\/v2\/pages\/2108\/revisions"}],"predecessor-version":[{"id":2781,"href":"https:\/\/intercare.nursing.unibas.ch\/fr\/wp-json\/wp\/v2\/pages\/2108\/revisions\/2781"}],"wp:attachment":[{"href":"https:\/\/intercare.nursing.unibas.ch\/fr\/wp-json\/wp\/v2\/media?parent=2108"}],"wp:term":[{"taxonomy":"folder","embeddable":true,"href":"https:\/\/intercare.nursing.unibas.ch\/fr\/wp-json\/wp\/v2\/folder?post=2108"}],"curies":[{"name":"wp","href":"https:\/\/api.w.org\/{rel}","templated":true}]}}