{"id":1378,"date":"2020-11-09T10:42:34","date_gmt":"2020-11-09T09:42:34","guid":{"rendered":"https:\/\/intercare.nursing.unibas.ch\/?page_id=1378"},"modified":"2023-08-28T13:00:50","modified_gmt":"2023-08-28T11:00:50","slug":"conference","status":"publish","type":"page","link":"https:\/\/intercare.nursing.unibas.ch\/fr\/conference\/","title":{"rendered":"Conf\u00e9rence INTERCARE"},"content":{"rendered":"[spb_text_block pb_margin_bottom=\u00a0\u00bbno\u00a0\u00bb pb_border_bottom=\u00a0\u00bbno\u00a0\u00bb width=\u00a0\u00bb1\/1&Prime; el_position=\u00a0\u00bbfirst last\u00a0\u00bb]\n<h3>L\u2019expertise clinique au c\u0153ur de la qualit\u00e9 des soins en EMS &#8211; L&rsquo;apport du mod\u00e8le INTERCARE<\/h3>\n<p>&nbsp;<\/p>\n<p><strong>Programme<\/strong>: Cliquez<span style=\"color: #ff9900;\"> <a style=\"color: #ff9900;\" href=\"https:\/\/intercare.nursing.unibas.ch\/wp-content\/uploads\/2021\/04\/INTERCARE-Konferenz-April-21-Flyer-vs.3.pdf\" target=\"_blank\" rel=\"noopener\">ici<\/a> <\/span>pour du programme (en allemand).<\/p>\n<p>&nbsp;<\/p>\n<p><strong>Comit\u00e9 d&rsquo;organisation<\/strong>:<\/p>\n<p>Sciences infirmi\u00e8res &#8211; Pflegewissenschaft, Universit\u00e4t Basel<\/p>\n<p>M\u00e9decine g\u00e9riatrique universitaire FELIX PLATTER<\/p>\n<p>&nbsp;<\/p>\n[\/spb_text_block] [spb_text_block pb_margin_bottom=\u00a0\u00bbno\u00a0\u00bb pb_border_bottom=\u00a0\u00bbno\u00a0\u00bb width=\u00a0\u00bb1\/1&Prime; el_position=\u00a0\u00bbfirst last\u00a0\u00bb]\n<h4>Avec l&rsquo;aimable soutien de:<\/h4>\n[\/spb_text_block] [blank_spacer height=\u00a0\u00bb30px\u00a0\u00bb width=\u00a0\u00bb1\/1&Prime; el_position=\u00a0\u00bbfirst last\u00a0\u00bb] [spb_column width=\u00a0\u00bb1\/3&Prime; el_position=\u00a0\u00bbfirst\u00a0\u00bb] [spb_text_block pb_margin_bottom=\u00a0\u00bbno\u00a0\u00bb pb_border_bottom=\u00a0\u00bbno\u00a0\u00bb width=\u00a0\u00bb1\/1&Prime; el_position=\u00a0\u00bbfirst last\u00a0\u00bb]\n<p><img loading=\"lazy\" decoding=\"async\" class=\"alignnone size-medium wp-image-1602 aligncenter\" src=\"https:\/\/intercare.nursing.unibas.ch\/wp-content\/uploads\/2020\/11\/senesuisse-300x50.jpeg\" alt=\"\" width=\"300\" height=\"50\" srcset=\"https:\/\/intercare.nursing.unibas.ch\/wp-content\/uploads\/2020\/11\/senesuisse-300x50.jpeg 300w, https:\/\/intercare.nursing.unibas.ch\/wp-content\/uploads\/2020\/11\/senesuisse.jpeg 640w\" sizes=\"auto, (max-width: 300px) 100vw, 300px\" \/><\/p>\n[\/spb_text_block] [spb_text_block pb_margin_bottom=\u00a0\u00bbno\u00a0\u00bb pb_border_bottom=\u00a0\u00bbno\u00a0\u00bb width=\u00a0\u00bb1\/1&Prime; el_position=\u00a0\u00bbfirst last\u00a0\u00bb]\n<p><img loading=\"lazy\" decoding=\"async\" class=\"alignnone size-medium wp-image-1596 aligncenter\" src=\"https:\/\/intercare.nursing.unibas.ch\/wp-content\/uploads\/2020\/11\/KZU-Logo-Zweizeiler-2-300x130.jpg\" alt=\"\" width=\"300\" height=\"130\" srcset=\"https:\/\/intercare.nursing.unibas.ch\/wp-content\/uploads\/2020\/11\/KZU-Logo-Zweizeiler-2-300x130.jpg 300w, https:\/\/intercare.nursing.unibas.ch\/wp-content\/uploads\/2020\/11\/KZU-Logo-Zweizeiler-2.jpg 733w\" sizes=\"auto, (max-width: 300px) 100vw, 300px\" \/><\/p>\n[\/spb_text_block] [\/spb_column] [spb_column width=\u00a0\u00bb1\/3&Prime;] [spb_text_block pb_margin_bottom=\u00a0\u00bbno\u00a0\u00bb pb_border_bottom=\u00a0\u00bbno\u00a0\u00bb width=\u00a0\u00bb1\/1&Prime; el_position=\u00a0\u00bbfirst last\u00a0\u00bb]\n<p><img loading=\"lazy\" decoding=\"async\" class=\"alignnone size-medium wp-image-1610 aligncenter\" src=\"https:\/\/intercare.nursing.unibas.ch\/wp-content\/uploads\/2020\/11\/CURAVIVA-Schweiz-300x29.jpg\" alt=\"\" width=\"300\" height=\"29\" srcset=\"https:\/\/intercare.nursing.unibas.ch\/wp-content\/uploads\/2020\/11\/CURAVIVA-Schweiz-300x29.jpg 300w, https:\/\/intercare.nursing.unibas.ch\/wp-content\/uploads\/2020\/11\/CURAVIVA-Schweiz.jpg 539w\" sizes=\"auto, (max-width: 300px) 100vw, 300px\" \/><\/p>\n[\/spb_text_block] [spb_text_block pb_margin_bottom=\u00a0\u00bbno\u00a0\u00bb pb_border_bottom=\u00a0\u00bbno\u00a0\u00bb width=\u00a0\u00bb1\/1&Prime; el_position=\u00a0\u00bbfirst last\u00a0\u00bb]\n<p><img loading=\"lazy\" decoding=\"async\" class=\"size-medium wp-image-1592 aligncenter\" src=\"https:\/\/intercare.nursing.unibas.ch\/wp-content\/uploads\/2020\/11\/VFP_APSI_Logo_Gerontologische-Pflege_DE-300x87.jpg\" alt=\"\" width=\"300\" height=\"87\" srcset=\"https:\/\/intercare.nursing.unibas.ch\/wp-content\/uploads\/2020\/11\/VFP_APSI_Logo_Gerontologische-Pflege_DE-300x87.jpg 300w, https:\/\/intercare.nursing.unibas.ch\/wp-content\/uploads\/2020\/11\/VFP_APSI_Logo_Gerontologische-Pflege_DE-1024x298.jpg 1024w, https:\/\/intercare.nursing.unibas.ch\/wp-content\/uploads\/2020\/11\/VFP_APSI_Logo_Gerontologische-Pflege_DE-768x223.jpg 768w, https:\/\/intercare.nursing.unibas.ch\/wp-content\/uploads\/2020\/11\/VFP_APSI_Logo_Gerontologische-Pflege_DE-1280x372.jpg 1280w, https:\/\/intercare.nursing.unibas.ch\/wp-content\/uploads\/2020\/11\/VFP_APSI_Logo_Gerontologische-Pflege_DE.jpg 1300w\" sizes=\"auto, (max-width: 300px) 100vw, 300px\" \/><\/p>\n[\/spb_text_block] [\/spb_column] [spb_column width=\u00a0\u00bb1\/3&Prime; el_position=\u00a0\u00bblast\u00a0\u00bb] [spb_text_block pb_margin_bottom=\u00a0\u00bbno\u00a0\u00bb pb_border_bottom=\u00a0\u00bbno\u00a0\u00bb width=\u00a0\u00bb1\/1&Prime; el_position=\u00a0\u00bbfirst last\u00a0\u00bb]\n<p><img loading=\"lazy\" decoding=\"async\" class=\"aligncenter wp-image-1606\" src=\"https:\/\/intercare.nursing.unibas.ch\/wp-content\/uploads\/2020\/11\/sbk-300x211.jpg\" alt=\"\" width=\"239\" height=\"168\" srcset=\"https:\/\/intercare.nursing.unibas.ch\/wp-content\/uploads\/2020\/11\/sbk-300x211.jpg 300w, https:\/\/intercare.nursing.unibas.ch\/wp-content\/uploads\/2020\/11\/sbk.jpg 437w\" sizes=\"auto, (max-width: 239px) 100vw, 239px\" \/><\/p>\n[\/spb_text_block] [\/spb_column]<\/p>\n","protected":false},"excerpt":{"rendered":"<p>[spb_text_block pb_margin_bottom=\u00a0\u00bbno\u00a0\u00bb pb_border_bottom=\u00a0\u00bbno\u00a0\u00bb width=\u00a0\u00bb1\/1&Prime; el_position=\u00a0\u00bbfirst last\u00a0\u00bb] L\u2019expertise clinique au c\u0153ur de la qualit\u00e9 des soins en EMS &#8211; L&rsquo;apport du mod\u00e8le INTERCARE &nbsp; Programme: Cliquez ici pour du programme (en allemand). &nbsp; Comit\u00e9 d&rsquo;organisation: Sciences infirmi\u00e8res &#8211; Pflegewissenschaft, Universit\u00e4t Basel M\u00e9decine g\u00e9riatrique universitaire FELIX PLATTER &nbsp; [\/spb_text_block] [spb_text_block pb_margin_bottom=\u00a0\u00bbno\u00a0\u00bb pb_border_bottom=\u00a0\u00bbno\u00a0\u00bb width=\u00a0\u00bb1\/1&Prime; el_position=\u00a0\u00bbfirst last\u00a0\u00bb] Avec l&rsquo;aimable soutien de: [\/spb_text_block] [blank_spacer height=\u00a0\u00bb30px\u00a0\u00bb [&hellip;]<\/p>\n","protected":false},"author":10,"featured_media":0,"parent":0,"menu_order":0,"comment_status":"closed","ping_status":"closed","template":"","meta":{"footnotes":""},"folder":[31],"class_list":["post-1378","page","type-page","status-publish","hentry"],"yoast_head":"<!-- This site is optimized with the Yoast SEO plugin v27.4 - https:\/\/yoast.com\/product\/yoast-seo-wordpress\/ -->\n<title>Conf\u00e9rence INTERCARE - Intercare<\/title>\n<meta name=\"robots\" content=\"index, follow, max-snippet:-1, max-image-preview:large, max-video-preview:-1\" \/>\n<link rel=\"canonical\" href=\"https:\/\/intercare.nursing.unibas.ch\/fr\/conference\/\" \/>\n<meta property=\"og:locale\" content=\"fr_FR\" \/>\n<meta property=\"og:type\" content=\"article\" \/>\n<meta property=\"og:title\" content=\"Conf\u00e9rence INTERCARE - Intercare\" \/>\n<meta property=\"og:description\" content=\"[spb_text_block pb_margin_bottom=\u00a0\u00bbno\u00a0\u00bb pb_border_bottom=\u00a0\u00bbno\u00a0\u00bb width=\u00a0\u00bb1\/1&Prime; el_position=\u00a0\u00bbfirst last\u00a0\u00bb] L\u2019expertise clinique au c\u0153ur de la qualit\u00e9 des soins en EMS &#8211; L&rsquo;apport du mod\u00e8le INTERCARE &nbsp; Programme: Cliquez ici pour du programme (en allemand). &nbsp; Comit\u00e9 d&rsquo;organisation: Sciences infirmi\u00e8res &#8211; Pflegewissenschaft, Universit\u00e4t Basel M\u00e9decine g\u00e9riatrique universitaire FELIX PLATTER &nbsp; [\/spb_text_block] [spb_text_block pb_margin_bottom=\u00a0\u00bbno\u00a0\u00bb pb_border_bottom=\u00a0\u00bbno\u00a0\u00bb width=\u00a0\u00bb1\/1&Prime; el_position=\u00a0\u00bbfirst last\u00a0\u00bb] Avec l&rsquo;aimable soutien de: [\/spb_text_block] [blank_spacer height=\u00a0\u00bb30px\u00a0\u00bb [&hellip;]\" \/>\n<meta property=\"og:url\" content=\"https:\/\/intercare.nursing.unibas.ch\/fr\/conference\/\" \/>\n<meta property=\"og:site_name\" content=\"Intercare\" \/>\n<meta property=\"article:modified_time\" content=\"2023-08-28T11:00:50+00:00\" \/>\n<meta property=\"og:image\" content=\"https:\/\/intercare.nursing.unibas.ch\/wp-content\/uploads\/2020\/11\/senesuisse-300x50.jpeg\" \/>\n<meta name=\"twitter:card\" content=\"summary_large_image\" \/>\n<meta name=\"twitter:label1\" content=\"Dur\u00e9e de lecture estim\u00e9e\" \/>\n\t<meta name=\"twitter:data1\" content=\"2 minutes\" \/>\n<script type=\"application\/ld+json\" class=\"yoast-schema-graph\">{\"@context\":\"https:\\\/\\\/schema.org\",\"@graph\":[{\"@type\":\"WebPage\",\"@id\":\"https:\\\/\\\/intercare.nursing.unibas.ch\\\/fr\\\/conference\\\/\",\"url\":\"https:\\\/\\\/intercare.nursing.unibas.ch\\\/fr\\\/conference\\\/\",\"name\":\"Conf\u00e9rence INTERCARE - Intercare\",\"isPartOf\":{\"@id\":\"https:\\\/\\\/intercare.nursing.unibas.ch\\\/#website\"},\"primaryImageOfPage\":{\"@id\":\"https:\\\/\\\/intercare.nursing.unibas.ch\\\/fr\\\/conference\\\/#primaryimage\"},\"image\":{\"@id\":\"https:\\\/\\\/intercare.nursing.unibas.ch\\\/fr\\\/conference\\\/#primaryimage\"},\"thumbnailUrl\":\"https:\\\/\\\/intercare.nursing.unibas.ch\\\/wp-content\\\/uploads\\\/2020\\\/11\\\/senesuisse-300x50.jpeg\",\"datePublished\":\"2020-11-09T09:42:34+00:00\",\"dateModified\":\"2023-08-28T11:00:50+00:00\",\"breadcrumb\":{\"@id\":\"https:\\\/\\\/intercare.nursing.unibas.ch\\\/fr\\\/conference\\\/#breadcrumb\"},\"inLanguage\":\"fr-FR\",\"potentialAction\":[{\"@type\":\"ReadAction\",\"target\":[\"https:\\\/\\\/intercare.nursing.unibas.ch\\\/fr\\\/conference\\\/\"]}]},{\"@type\":\"ImageObject\",\"inLanguage\":\"fr-FR\",\"@id\":\"https:\\\/\\\/intercare.nursing.unibas.ch\\\/fr\\\/conference\\\/#primaryimage\",\"url\":\"https:\\\/\\\/intercare.nursing.unibas.ch\\\/wp-content\\\/uploads\\\/2020\\\/11\\\/senesuisse-300x50.jpeg\",\"contentUrl\":\"https:\\\/\\\/intercare.nursing.unibas.ch\\\/wp-content\\\/uploads\\\/2020\\\/11\\\/senesuisse-300x50.jpeg\"},{\"@type\":\"BreadcrumbList\",\"@id\":\"https:\\\/\\\/intercare.nursing.unibas.ch\\\/fr\\\/conference\\\/#breadcrumb\",\"itemListElement\":[{\"@type\":\"ListItem\",\"position\":1,\"name\":\"Startseite\",\"item\":\"https:\\\/\\\/intercare.nursing.unibas.ch\\\/fr\\\/\"},{\"@type\":\"ListItem\",\"position\":2,\"name\":\"Conf\u00e9rence INTERCARE\"}]},{\"@type\":\"WebSite\",\"@id\":\"https:\\\/\\\/intercare.nursing.unibas.ch\\\/#website\",\"url\":\"https:\\\/\\\/intercare.nursing.unibas.ch\\\/\",\"name\":\"Intercare\",\"description\":\"Pflegegeleitete Vorsorgemodelle\",\"publisher\":{\"@id\":\"https:\\\/\\\/intercare.nursing.unibas.ch\\\/#organization\"},\"potentialAction\":[{\"@type\":\"SearchAction\",\"target\":{\"@type\":\"EntryPoint\",\"urlTemplate\":\"https:\\\/\\\/intercare.nursing.unibas.ch\\\/?s={search_term_string}\"},\"query-input\":{\"@type\":\"PropertyValueSpecification\",\"valueRequired\":true,\"valueName\":\"search_term_string\"}}],\"inLanguage\":\"fr-FR\"},{\"@type\":\"Organization\",\"@id\":\"https:\\\/\\\/intercare.nursing.unibas.ch\\\/#organization\",\"name\":\"Intercare\",\"url\":\"https:\\\/\\\/intercare.nursing.unibas.ch\\\/\",\"logo\":{\"@type\":\"ImageObject\",\"inLanguage\":\"fr-FR\",\"@id\":\"https:\\\/\\\/intercare.nursing.unibas.ch\\\/#\\\/schema\\\/logo\\\/image\\\/\",\"url\":\"https:\\\/\\\/intercare.nursing.unibas.ch\\\/wp-content\\\/uploads\\\/2023\\\/03\\\/cropped-interscale-intercare-reasearch-project.png\",\"contentUrl\":\"https:\\\/\\\/intercare.nursing.unibas.ch\\\/wp-content\\\/uploads\\\/2023\\\/03\\\/cropped-interscale-intercare-reasearch-project.png\",\"width\":334,\"height\":40,\"caption\":\"Intercare\"},\"image\":{\"@id\":\"https:\\\/\\\/intercare.nursing.unibas.ch\\\/#\\\/schema\\\/logo\\\/image\\\/\"}}]}<\/script>\n<!-- \/ Yoast SEO plugin. -->","yoast_head_json":{"title":"Conf\u00e9rence INTERCARE - Intercare","robots":{"index":"index","follow":"follow","max-snippet":"max-snippet:-1","max-image-preview":"max-image-preview:large","max-video-preview":"max-video-preview:-1"},"canonical":"https:\/\/intercare.nursing.unibas.ch\/fr\/conference\/","og_locale":"fr_FR","og_type":"article","og_title":"Conf\u00e9rence INTERCARE - Intercare","og_description":"[spb_text_block pb_margin_bottom=\u00a0\u00bbno\u00a0\u00bb pb_border_bottom=\u00a0\u00bbno\u00a0\u00bb width=\u00a0\u00bb1\/1&Prime; el_position=\u00a0\u00bbfirst last\u00a0\u00bb] L\u2019expertise clinique au c\u0153ur de la qualit\u00e9 des soins en EMS &#8211; L&rsquo;apport du mod\u00e8le INTERCARE &nbsp; Programme: Cliquez ici pour du programme (en allemand). &nbsp; Comit\u00e9 d&rsquo;organisation: Sciences infirmi\u00e8res &#8211; Pflegewissenschaft, Universit\u00e4t Basel M\u00e9decine g\u00e9riatrique universitaire FELIX PLATTER &nbsp; [\/spb_text_block] [spb_text_block pb_margin_bottom=\u00a0\u00bbno\u00a0\u00bb pb_border_bottom=\u00a0\u00bbno\u00a0\u00bb width=\u00a0\u00bb1\/1&Prime; el_position=\u00a0\u00bbfirst last\u00a0\u00bb] Avec l&rsquo;aimable soutien de: [\/spb_text_block] [blank_spacer height=\u00a0\u00bb30px\u00a0\u00bb [&hellip;]","og_url":"https:\/\/intercare.nursing.unibas.ch\/fr\/conference\/","og_site_name":"Intercare","article_modified_time":"2023-08-28T11:00:50+00:00","og_image":[{"url":"https:\/\/intercare.nursing.unibas.ch\/wp-content\/uploads\/2020\/11\/senesuisse-300x50.jpeg","type":"","width":"","height":""}],"twitter_card":"summary_large_image","twitter_misc":{"Dur\u00e9e de lecture estim\u00e9e":"2 minutes"},"schema":{"@context":"https:\/\/schema.org","@graph":[{"@type":"WebPage","@id":"https:\/\/intercare.nursing.unibas.ch\/fr\/conference\/","url":"https:\/\/intercare.nursing.unibas.ch\/fr\/conference\/","name":"Conf\u00e9rence INTERCARE - Intercare","isPartOf":{"@id":"https:\/\/intercare.nursing.unibas.ch\/#website"},"primaryImageOfPage":{"@id":"https:\/\/intercare.nursing.unibas.ch\/fr\/conference\/#primaryimage"},"image":{"@id":"https:\/\/intercare.nursing.unibas.ch\/fr\/conference\/#primaryimage"},"thumbnailUrl":"https:\/\/intercare.nursing.unibas.ch\/wp-content\/uploads\/2020\/11\/senesuisse-300x50.jpeg","datePublished":"2020-11-09T09:42:34+00:00","dateModified":"2023-08-28T11:00:50+00:00","breadcrumb":{"@id":"https:\/\/intercare.nursing.unibas.ch\/fr\/conference\/#breadcrumb"},"inLanguage":"fr-FR","potentialAction":[{"@type":"ReadAction","target":["https:\/\/intercare.nursing.unibas.ch\/fr\/conference\/"]}]},{"@type":"ImageObject","inLanguage":"fr-FR","@id":"https:\/\/intercare.nursing.unibas.ch\/fr\/conference\/#primaryimage","url":"https:\/\/intercare.nursing.unibas.ch\/wp-content\/uploads\/2020\/11\/senesuisse-300x50.jpeg","contentUrl":"https:\/\/intercare.nursing.unibas.ch\/wp-content\/uploads\/2020\/11\/senesuisse-300x50.jpeg"},{"@type":"BreadcrumbList","@id":"https:\/\/intercare.nursing.unibas.ch\/fr\/conference\/#breadcrumb","itemListElement":[{"@type":"ListItem","position":1,"name":"Startseite","item":"https:\/\/intercare.nursing.unibas.ch\/fr\/"},{"@type":"ListItem","position":2,"name":"Conf\u00e9rence INTERCARE"}]},{"@type":"WebSite","@id":"https:\/\/intercare.nursing.unibas.ch\/#website","url":"https:\/\/intercare.nursing.unibas.ch\/","name":"Intercare","description":"Pflegegeleitete Vorsorgemodelle","publisher":{"@id":"https:\/\/intercare.nursing.unibas.ch\/#organization"},"potentialAction":[{"@type":"SearchAction","target":{"@type":"EntryPoint","urlTemplate":"https:\/\/intercare.nursing.unibas.ch\/?s={search_term_string}"},"query-input":{"@type":"PropertyValueSpecification","valueRequired":true,"valueName":"search_term_string"}}],"inLanguage":"fr-FR"},{"@type":"Organization","@id":"https:\/\/intercare.nursing.unibas.ch\/#organization","name":"Intercare","url":"https:\/\/intercare.nursing.unibas.ch\/","logo":{"@type":"ImageObject","inLanguage":"fr-FR","@id":"https:\/\/intercare.nursing.unibas.ch\/#\/schema\/logo\/image\/","url":"https:\/\/intercare.nursing.unibas.ch\/wp-content\/uploads\/2023\/03\/cropped-interscale-intercare-reasearch-project.png","contentUrl":"https:\/\/intercare.nursing.unibas.ch\/wp-content\/uploads\/2023\/03\/cropped-interscale-intercare-reasearch-project.png","width":334,"height":40,"caption":"Intercare"},"image":{"@id":"https:\/\/intercare.nursing.unibas.ch\/#\/schema\/logo\/image\/"}}]}},"_links":{"self":[{"href":"https:\/\/intercare.nursing.unibas.ch\/fr\/wp-json\/wp\/v2\/pages\/1378","targetHints":{"allow":["GET"]}}],"collection":[{"href":"https:\/\/intercare.nursing.unibas.ch\/fr\/wp-json\/wp\/v2\/pages"}],"about":[{"href":"https:\/\/intercare.nursing.unibas.ch\/fr\/wp-json\/wp\/v2\/types\/page"}],"author":[{"embeddable":true,"href":"https:\/\/intercare.nursing.unibas.ch\/fr\/wp-json\/wp\/v2\/users\/10"}],"replies":[{"embeddable":true,"href":"https:\/\/intercare.nursing.unibas.ch\/fr\/wp-json\/wp\/v2\/comments?post=1378"}],"version-history":[{"count":31,"href":"https:\/\/intercare.nursing.unibas.ch\/fr\/wp-json\/wp\/v2\/pages\/1378\/revisions"}],"predecessor-version":[{"id":2779,"href":"https:\/\/intercare.nursing.unibas.ch\/fr\/wp-json\/wp\/v2\/pages\/1378\/revisions\/2779"}],"wp:attachment":[{"href":"https:\/\/intercare.nursing.unibas.ch\/fr\/wp-json\/wp\/v2\/media?parent=1378"}],"wp:term":[{"taxonomy":"folder","embeddable":true,"href":"https:\/\/intercare.nursing.unibas.ch\/fr\/wp-json\/wp\/v2\/folder?post=1378"}],"curies":[{"name":"wp","href":"https:\/\/api.w.org\/{rel}","templated":true}]}}