{"id":1289,"date":"2017-11-20T12:26:56","date_gmt":"2017-11-20T11:26:56","guid":{"rendered":"https:\/\/intercare.nursing.unibas.ch\/home\/"},"modified":"2023-08-16T16:06:23","modified_gmt":"2023-08-16T14:06:23","slug":"home1","status":"publish","type":"page","link":"https:\/\/intercare.nursing.unibas.ch\/fr\/home1\/","title":{"rendered":"V1 Home"},"content":{"rendered":"[blank_spacer height=\u00a0\u00bb30px\u00a0\u00bb width=\u00a0\u00bb1\/1&Prime; el_position=\u00a0\u00bbfirst last\u00a0\u00bb] [spb_column width=\u00a0\u00bb1\/3&Prime; el_position=\u00a0\u00bbfirst\u00a0\u00bb] [spb_text_block title=\u00a0\u00bbEn quoi consiste INTERCARE ?\u00a0\u00bb pb_margin_bottom=\u00a0\u00bbyes\u00a0\u00bb pb_border_bottom=\u00a0\u00bbyes\u00a0\u00bb width=\u00a0\u00bb1\/1&Prime; el_position=\u00a0\u00bbfirst last\u00a0\u00bb]\n<p>INTERCARE est un projet de recherche financ\u00e9 par le PNR74 du Fonds national suisse de la recherche scientifique, le Fonds pour les sciences infirmi\u00e8res, et la Fondation Ebnet, qui vise \u00e0 r\u00e9duire les hospitalisations \u00e9vitables dans les \u00e9tablissements m\u00e9dico-sociaux suisses gr\u00e2ce \u00e0 un mod\u00e8le de soins interprofessionnel.<\/p>\n<p><span lang=\"FR\"><a href=\"https:\/\/intercare.nursing.unibas.ch\/fr\/etude\/\">En savoir plus sur l&rsquo;\u00e9tude INTERCARE<\/a><\/span><\/p>\n[\/spb_text_block] [\/spb_column] [spb_column width=\u00a0\u00bb1\/3&Prime;] [spb_text_block title=\u00a0\u00bbRapport National\u00a0\u00bb pb_margin_bottom=\u00a0\u00bbyes\u00a0\u00bb pb_border_bottom=\u00a0\u00bbyes\u00a0\u00bb width=\u00a0\u00bb1\/1&Prime; el_position=\u00a0\u00bbfirst last\u00a0\u00bb]\n<p>Un mod\u00e8le de soins pour renforcer l\u2019expertise g\u00e9riatrique au sein d\u2019\u00e9tablissements m\u00e9dico-sociaux : le d\u00e9veloppement du mod\u00e8le INTERCARE et son contenu.<\/p>\n<p><a href=\"https:\/\/intercare.nursing.unibas.ch\/fr\/publications\/\" target=\"_blank\" rel=\"noopener\">Acc\u00e9der au rapport<\/a><\/p>\n<p>&nbsp;<\/p>\n[\/spb_text_block] [\/spb_column] [spb_column width=\u00a0\u00bb1\/3&Prime; el_position=\u00a0\u00bblast\u00a0\u00bb] [spb_text_block title=\u00a0\u00bbCAS INTERCARE\u00a0\u00bb pb_margin_bottom=\u00a0\u00bbyes\u00a0\u00bb pb_border_bottom=\u00a0\u00bbyes\u00a0\u00bb width=\u00a0\u00bb1\/1&Prime; el_position=\u00a0\u00bbfirst last\u00a0\u00bb]\n<p><span lang=\"FR\">Certificate of Advanced Studies (CAS) \u201cINTERCARE- Expertise clinique en g\u00e9riatrie\u201d<\/span><\/p>\n<p><span lang=\"FR\">La formation dure 1.5 ann\u00e9es \u00e0 temps partiel pour les infirmiers.\u00e8res<\/span><\/p>\n<p><span class=\"jlqj4b\"><span lang=\"FR\">Le CAS d\u00e9bute en f\u00e9vrier 2021<\/span><\/span><\/p>\n<p><a href=\"https:\/\/intercare.nursing.unibas.ch\/wp-content\/uploads\/2020\/09\/UNIBAS-INS-CAS-INTERCARE-Broschu\u0308re_FINAL-2.pdf\" target=\"_blank\" rel=\"noopener noreferrer\">Flyer (en allemand)<\/a><\/p>\n<p><a href=\"https:\/\/nursing.unibas.ch\/de\/weiterbildung\/cas-intercare\/\">En savoir plus sur le CAS INTERCARE (en allemand)<\/a><\/p>\n[\/spb_text_block] [\/spb_column]<\/p>\n","protected":false},"excerpt":{"rendered":"<p>[blank_spacer height=\u00a0\u00bb30px\u00a0\u00bb width=\u00a0\u00bb1\/1&Prime; el_position=\u00a0\u00bbfirst last\u00a0\u00bb] [spb_column width=\u00a0\u00bb1\/3&Prime; el_position=\u00a0\u00bbfirst\u00a0\u00bb] [spb_text_block title=\u00a0\u00bbEn quoi consiste INTERCARE ?\u00a0\u00bb pb_margin_bottom=\u00a0\u00bbyes\u00a0\u00bb pb_border_bottom=\u00a0\u00bbyes\u00a0\u00bb width=\u00a0\u00bb1\/1&Prime; el_position=\u00a0\u00bbfirst last\u00a0\u00bb] INTERCARE est un projet de recherche financ\u00e9 par le PNR74 du Fonds national suisse de la recherche scientifique, le Fonds pour les sciences infirmi\u00e8res, et la Fondation Ebnet, qui vise \u00e0 r\u00e9duire les hospitalisations \u00e9vitables dans les \u00e9tablissements m\u00e9dico-sociaux suisses gr\u00e2ce [&hellip;]<\/p>\n","protected":false},"author":1,"featured_media":0,"parent":0,"menu_order":0,"comment_status":"closed","ping_status":"closed","template":"","meta":{"footnotes":""},"folder":[31],"class_list":["post-1289","page","type-page","status-publish","hentry"],"yoast_head":"<!-- This site is optimized with the Yoast SEO plugin v27.4 - https:\/\/yoast.com\/product\/yoast-seo-wordpress\/ -->\n<title>V1 Home - Intercare<\/title>\n<meta name=\"robots\" content=\"index, follow, max-snippet:-1, max-image-preview:large, max-video-preview:-1\" \/>\n<link rel=\"canonical\" href=\"https:\/\/intercare.nursing.unibas.ch\/fr\/home1\/\" \/>\n<meta property=\"og:locale\" content=\"fr_FR\" \/>\n<meta property=\"og:type\" content=\"article\" \/>\n<meta property=\"og:title\" content=\"V1 Home - Intercare\" \/>\n<meta property=\"og:description\" content=\"[blank_spacer height=\u00a0\u00bb30px\u00a0\u00bb width=\u00a0\u00bb1\/1&Prime; el_position=\u00a0\u00bbfirst last\u00a0\u00bb] [spb_column width=\u00a0\u00bb1\/3&Prime; el_position=\u00a0\u00bbfirst\u00a0\u00bb] [spb_text_block title=\u00a0\u00bbEn quoi consiste INTERCARE ?\u00a0\u00bb pb_margin_bottom=\u00a0\u00bbyes\u00a0\u00bb pb_border_bottom=\u00a0\u00bbyes\u00a0\u00bb width=\u00a0\u00bb1\/1&Prime; el_position=\u00a0\u00bbfirst last\u00a0\u00bb] INTERCARE est un projet de recherche financ\u00e9 par le PNR74 du Fonds national suisse de la recherche scientifique, le Fonds pour les sciences infirmi\u00e8res, et la Fondation Ebnet, qui vise \u00e0 r\u00e9duire les hospitalisations \u00e9vitables dans les \u00e9tablissements m\u00e9dico-sociaux suisses gr\u00e2ce [&hellip;]\" \/>\n<meta property=\"og:url\" content=\"https:\/\/intercare.nursing.unibas.ch\/fr\/home1\/\" \/>\n<meta property=\"og:site_name\" content=\"Intercare\" \/>\n<meta property=\"article:modified_time\" content=\"2023-08-16T14:06:23+00:00\" \/>\n<meta name=\"twitter:card\" content=\"summary_large_image\" \/>\n<meta name=\"twitter:label1\" content=\"Dur\u00e9e de lecture estim\u00e9e\" \/>\n\t<meta name=\"twitter:data1\" content=\"1 minute\" \/>\n<script type=\"application\/ld+json\" class=\"yoast-schema-graph\">{\"@context\":\"https:\\\/\\\/schema.org\",\"@graph\":[{\"@type\":\"WebPage\",\"@id\":\"https:\\\/\\\/intercare.nursing.unibas.ch\\\/fr\\\/home1\\\/\",\"url\":\"https:\\\/\\\/intercare.nursing.unibas.ch\\\/fr\\\/home1\\\/\",\"name\":\"V1 Home - Intercare\",\"isPartOf\":{\"@id\":\"https:\\\/\\\/intercare.nursing.unibas.ch\\\/#website\"},\"datePublished\":\"2017-11-20T11:26:56+00:00\",\"dateModified\":\"2023-08-16T14:06:23+00:00\",\"breadcrumb\":{\"@id\":\"https:\\\/\\\/intercare.nursing.unibas.ch\\\/fr\\\/home1\\\/#breadcrumb\"},\"inLanguage\":\"fr-FR\",\"potentialAction\":[{\"@type\":\"ReadAction\",\"target\":[\"https:\\\/\\\/intercare.nursing.unibas.ch\\\/fr\\\/home1\\\/\"]}]},{\"@type\":\"BreadcrumbList\",\"@id\":\"https:\\\/\\\/intercare.nursing.unibas.ch\\\/fr\\\/home1\\\/#breadcrumb\",\"itemListElement\":[{\"@type\":\"ListItem\",\"position\":1,\"name\":\"Startseite\",\"item\":\"https:\\\/\\\/intercare.nursing.unibas.ch\\\/fr\\\/\"},{\"@type\":\"ListItem\",\"position\":2,\"name\":\"V1 Home\"}]},{\"@type\":\"WebSite\",\"@id\":\"https:\\\/\\\/intercare.nursing.unibas.ch\\\/#website\",\"url\":\"https:\\\/\\\/intercare.nursing.unibas.ch\\\/\",\"name\":\"Intercare\",\"description\":\"Pflegegeleitete Vorsorgemodelle\",\"publisher\":{\"@id\":\"https:\\\/\\\/intercare.nursing.unibas.ch\\\/#organization\"},\"potentialAction\":[{\"@type\":\"SearchAction\",\"target\":{\"@type\":\"EntryPoint\",\"urlTemplate\":\"https:\\\/\\\/intercare.nursing.unibas.ch\\\/?s={search_term_string}\"},\"query-input\":{\"@type\":\"PropertyValueSpecification\",\"valueRequired\":true,\"valueName\":\"search_term_string\"}}],\"inLanguage\":\"fr-FR\"},{\"@type\":\"Organization\",\"@id\":\"https:\\\/\\\/intercare.nursing.unibas.ch\\\/#organization\",\"name\":\"Intercare\",\"url\":\"https:\\\/\\\/intercare.nursing.unibas.ch\\\/\",\"logo\":{\"@type\":\"ImageObject\",\"inLanguage\":\"fr-FR\",\"@id\":\"https:\\\/\\\/intercare.nursing.unibas.ch\\\/#\\\/schema\\\/logo\\\/image\\\/\",\"url\":\"https:\\\/\\\/intercare.nursing.unibas.ch\\\/wp-content\\\/uploads\\\/2023\\\/03\\\/cropped-interscale-intercare-reasearch-project.png\",\"contentUrl\":\"https:\\\/\\\/intercare.nursing.unibas.ch\\\/wp-content\\\/uploads\\\/2023\\\/03\\\/cropped-interscale-intercare-reasearch-project.png\",\"width\":334,\"height\":40,\"caption\":\"Intercare\"},\"image\":{\"@id\":\"https:\\\/\\\/intercare.nursing.unibas.ch\\\/#\\\/schema\\\/logo\\\/image\\\/\"}}]}<\/script>\n<!-- \/ Yoast SEO plugin. -->","yoast_head_json":{"title":"V1 Home - Intercare","robots":{"index":"index","follow":"follow","max-snippet":"max-snippet:-1","max-image-preview":"max-image-preview:large","max-video-preview":"max-video-preview:-1"},"canonical":"https:\/\/intercare.nursing.unibas.ch\/fr\/home1\/","og_locale":"fr_FR","og_type":"article","og_title":"V1 Home - Intercare","og_description":"[blank_spacer height=\u00a0\u00bb30px\u00a0\u00bb width=\u00a0\u00bb1\/1&Prime; el_position=\u00a0\u00bbfirst last\u00a0\u00bb] [spb_column width=\u00a0\u00bb1\/3&Prime; el_position=\u00a0\u00bbfirst\u00a0\u00bb] [spb_text_block title=\u00a0\u00bbEn quoi consiste INTERCARE ?\u00a0\u00bb pb_margin_bottom=\u00a0\u00bbyes\u00a0\u00bb pb_border_bottom=\u00a0\u00bbyes\u00a0\u00bb width=\u00a0\u00bb1\/1&Prime; el_position=\u00a0\u00bbfirst last\u00a0\u00bb] INTERCARE est un projet de recherche financ\u00e9 par le PNR74 du Fonds national suisse de la recherche scientifique, le Fonds pour les sciences infirmi\u00e8res, et la Fondation Ebnet, qui vise \u00e0 r\u00e9duire les hospitalisations \u00e9vitables dans les \u00e9tablissements m\u00e9dico-sociaux suisses gr\u00e2ce [&hellip;]","og_url":"https:\/\/intercare.nursing.unibas.ch\/fr\/home1\/","og_site_name":"Intercare","article_modified_time":"2023-08-16T14:06:23+00:00","twitter_card":"summary_large_image","twitter_misc":{"Dur\u00e9e de lecture estim\u00e9e":"1 minute"},"schema":{"@context":"https:\/\/schema.org","@graph":[{"@type":"WebPage","@id":"https:\/\/intercare.nursing.unibas.ch\/fr\/home1\/","url":"https:\/\/intercare.nursing.unibas.ch\/fr\/home1\/","name":"V1 Home - Intercare","isPartOf":{"@id":"https:\/\/intercare.nursing.unibas.ch\/#website"},"datePublished":"2017-11-20T11:26:56+00:00","dateModified":"2023-08-16T14:06:23+00:00","breadcrumb":{"@id":"https:\/\/intercare.nursing.unibas.ch\/fr\/home1\/#breadcrumb"},"inLanguage":"fr-FR","potentialAction":[{"@type":"ReadAction","target":["https:\/\/intercare.nursing.unibas.ch\/fr\/home1\/"]}]},{"@type":"BreadcrumbList","@id":"https:\/\/intercare.nursing.unibas.ch\/fr\/home1\/#breadcrumb","itemListElement":[{"@type":"ListItem","position":1,"name":"Startseite","item":"https:\/\/intercare.nursing.unibas.ch\/fr\/"},{"@type":"ListItem","position":2,"name":"V1 Home"}]},{"@type":"WebSite","@id":"https:\/\/intercare.nursing.unibas.ch\/#website","url":"https:\/\/intercare.nursing.unibas.ch\/","name":"Intercare","description":"Pflegegeleitete Vorsorgemodelle","publisher":{"@id":"https:\/\/intercare.nursing.unibas.ch\/#organization"},"potentialAction":[{"@type":"SearchAction","target":{"@type":"EntryPoint","urlTemplate":"https:\/\/intercare.nursing.unibas.ch\/?s={search_term_string}"},"query-input":{"@type":"PropertyValueSpecification","valueRequired":true,"valueName":"search_term_string"}}],"inLanguage":"fr-FR"},{"@type":"Organization","@id":"https:\/\/intercare.nursing.unibas.ch\/#organization","name":"Intercare","url":"https:\/\/intercare.nursing.unibas.ch\/","logo":{"@type":"ImageObject","inLanguage":"fr-FR","@id":"https:\/\/intercare.nursing.unibas.ch\/#\/schema\/logo\/image\/","url":"https:\/\/intercare.nursing.unibas.ch\/wp-content\/uploads\/2023\/03\/cropped-interscale-intercare-reasearch-project.png","contentUrl":"https:\/\/intercare.nursing.unibas.ch\/wp-content\/uploads\/2023\/03\/cropped-interscale-intercare-reasearch-project.png","width":334,"height":40,"caption":"Intercare"},"image":{"@id":"https:\/\/intercare.nursing.unibas.ch\/#\/schema\/logo\/image\/"}}]}},"_links":{"self":[{"href":"https:\/\/intercare.nursing.unibas.ch\/fr\/wp-json\/wp\/v2\/pages\/1289","targetHints":{"allow":["GET"]}}],"collection":[{"href":"https:\/\/intercare.nursing.unibas.ch\/fr\/wp-json\/wp\/v2\/pages"}],"about":[{"href":"https:\/\/intercare.nursing.unibas.ch\/fr\/wp-json\/wp\/v2\/types\/page"}],"author":[{"embeddable":true,"href":"https:\/\/intercare.nursing.unibas.ch\/fr\/wp-json\/wp\/v2\/users\/1"}],"replies":[{"embeddable":true,"href":"https:\/\/intercare.nursing.unibas.ch\/fr\/wp-json\/wp\/v2\/comments?post=1289"}],"version-history":[{"count":27,"href":"https:\/\/intercare.nursing.unibas.ch\/fr\/wp-json\/wp\/v2\/pages\/1289\/revisions"}],"predecessor-version":[{"id":2730,"href":"https:\/\/intercare.nursing.unibas.ch\/fr\/wp-json\/wp\/v2\/pages\/1289\/revisions\/2730"}],"wp:attachment":[{"href":"https:\/\/intercare.nursing.unibas.ch\/fr\/wp-json\/wp\/v2\/media?parent=1289"}],"wp:term":[{"taxonomy":"folder","embeddable":true,"href":"https:\/\/intercare.nursing.unibas.ch\/fr\/wp-json\/wp\/v2\/folder?post=1289"}],"curies":[{"name":"wp","href":"https:\/\/api.w.org\/{rel}","templated":true}]}}