{"id":1093,"date":"2019-08-22T11:45:39","date_gmt":"2019-08-22T09:45:39","guid":{"rendered":"https:\/\/intercare.nursing.unibas.ch\/?page_id=1093"},"modified":"2023-04-29T09:48:22","modified_gmt":"2023-04-29T07:48:22","slug":"publications_v1","status":"publish","type":"page","link":"https:\/\/intercare.nursing.unibas.ch\/en\/publications_v1\/","title":{"rendered":"V1 Publications"},"content":{"rendered":"[blank_spacer height=&#8221;30px&#8221; width=&#8221;1\/1&#8243; el_position=&#8221;first last&#8221;] [spb_column width=&#8221;1\/1&#8243; el_position=&#8221;first last&#8221;] [spb_text_block pb_margin_bottom=&#8221;yes&#8221; pb_border_bottom=&#8221;no&#8221; width=&#8221;1\/1&#8243; el_position=&#8221;first last&#8221;]\n<h2>National Report<span class=\"x_apple-converted-space\">\u00a0<\/span><\/h2>\n[\/spb_text_block] [spb_text_block pb_margin_bottom=&#8221;yes&#8221; pb_border_bottom=&#8221;no&#8221; width=&#8221;1\/4&#8243; el_position=&#8221;first&#8221;]\n<p><a href=\"https:\/\/intercare.nursing.unibas.ch\/wp-content\/uploads\/2021\/04\/INTERCARE-national-report-April-21.pdf\" target=\"_blank\" rel=\"noopener\"><img loading=\"lazy\" decoding=\"async\" class=\"alignnone size-full wp-image-1831\" src=\"https:\/\/intercare.nursing.unibas.ch\/wp-content\/uploads\/2021\/04\/intercare-national-report.png\" alt=\"INTERCARE National Report 2021\" width=\"550\" height=\"770\" srcset=\"https:\/\/intercare.nursing.unibas.ch\/wp-content\/uploads\/2021\/04\/intercare-national-report.png 550w, https:\/\/intercare.nursing.unibas.ch\/wp-content\/uploads\/2021\/04\/intercare-national-report-214x300.png 214w\" sizes=\"auto, (max-width: 550px) 100vw, 550px\" \/><\/a><br \/>\n<a href=\"https:\/\/intercare.nursing.unibas.ch\/wp-content\/uploads\/2021\/04\/INTERCARE-national-report-April-21.pdf\" target=\"_blank\" rel=\"noopener\"><strong>INTERCARE national report<br \/>\nApril 21<\/strong><\/a><\/p>\n[\/spb_text_block] [spb_text_block pb_margin_bottom=&#8221;yes&#8221; pb_border_bottom=&#8221;no&#8221; width=&#8221;1\/4&#8243;]\n<p><a href=\"https:\/\/intercare.nursing.unibas.ch\/wp-content\/uploads\/2021\/04\/INTERCARE-report-Summary-April-21.pdf\" target=\"_blank\" rel=\"noopener\"><img loading=\"lazy\" decoding=\"async\" class=\"alignnone size-full wp-image-1827\" src=\"https:\/\/intercare.nursing.unibas.ch\/wp-content\/uploads\/2021\/04\/intercare-national-report-summary.png\" alt=\"INTERCARE National Report 2021 Summary\" width=\"550\" height=\"770\" srcset=\"https:\/\/intercare.nursing.unibas.ch\/wp-content\/uploads\/2021\/04\/intercare-national-report-summary.png 550w, https:\/\/intercare.nursing.unibas.ch\/wp-content\/uploads\/2021\/04\/intercare-national-report-summary-214x300.png 214w\" sizes=\"auto, (max-width: 550px) 100vw, 550px\" \/><\/a><br \/>\n<a href=\"https:\/\/intercare.nursing.unibas.ch\/wp-content\/uploads\/2021\/04\/INTERCARE-report-Summary-April-21.pdf\" target=\"_blank\" rel=\"noopener\"><strong>INTERCARE national report \u2013 summary April 21<\/strong><\/a><\/p>\n<div class=\"\"><\/div>\n[\/spb_text_block] [spb_text_block pb_margin_bottom=&#8221;yes&#8221; pb_border_bottom=&#8221;no&#8221; width=&#8221;1\/4&#8243;]\n<div><a href=\"https:\/\/intercare.nursing.unibas.ch\/wp-content\/uploads\/2021\/04\/INTERCARE-national-report-appendix-2-April-21.pdf\" target=\"_blank\" rel=\"noopener\"><img loading=\"lazy\" decoding=\"async\" class=\"alignnone size-full wp-image-1823\" src=\"https:\/\/intercare.nursing.unibas.ch\/wp-content\/uploads\/2021\/04\/intercare-national-report-appendix-2.png\" alt=\"INTERCARE Nationaler Bericht Anhang 2\" width=\"550\" height=\"770\" srcset=\"https:\/\/intercare.nursing.unibas.ch\/wp-content\/uploads\/2021\/04\/intercare-national-report-appendix-2.png 550w, https:\/\/intercare.nursing.unibas.ch\/wp-content\/uploads\/2021\/04\/intercare-national-report-appendix-2-214x300.png 214w\" sizes=\"auto, (max-width: 550px) 100vw, 550px\" \/><\/a><\/div>\n<div class=\"\"><span class=\"\" lang=\"DE-CH\"><a href=\"https:\/\/intercare.nursing.unibas.ch\/wp-content\/uploads\/2021\/04\/INTERCARE-national-report-appendix-2-April-21.pdf\" target=\"_blank\" rel=\"noopener\"><strong>INTERCARE nationale report \u2013 appendix 2 April 21<\/strong><\/a><\/span><\/div>\n[\/spb_text_block] [spb_text_block pb_margin_bottom=&#8221;yes&#8221; pb_border_bottom=&#8221;no&#8221; width=&#8221;1\/4&#8243; el_position=&#8221;last&#8221;][\/spb_text_block] [blank_spacer height=&#8221;20px&#8221; width=&#8221;1\/1&#8243; el_position=&#8221;first last&#8221;] [spb_text_block pb_margin_bottom=&#8221;yes&#8221; pb_border_bottom=&#8221;no&#8221; width=&#8221;1\/1&#8243; el_position=&#8221;first last&#8221;]\n<h2>Publications<\/h2>\n[\/spb_text_block] [spb_text_block pb_margin_bottom=&#8221;no&#8221; pb_border_bottom=&#8221;no&#8221; width=&#8221;1\/1&#8243; el_position=&#8221;first last&#8221;]\n<h3>2022<\/h3>\n<p class=\"p1\">Z\u00fa\u00f1iga, F., Wicki, R., Staudacher, S., &amp; Basinska, K. Wie Pflegeexpert_innen in Deutschschweizer Pflegeheimen ihre Rollenentwicklung gestalten.<i>Pflege<\/i>. <a title=\"https:\/\/doi.org\/10.1024\/1012-5302\/a000889\" contenteditable=\"false\" href=\"https:\/\/doi.org\/10.1024\/1012-5302\/a000889\" target=\"_blank\" rel=\"noopener\">https:\/\/doi.org\/10.1024\/1012-5302\/a000889<\/a><\/p>\n[\/spb_text_block] [spb_text_block pb_margin_bottom=&#8221;no&#8221; pb_border_bottom=&#8221;no&#8221; width=&#8221;1\/1&#8243; el_position=&#8221;first last&#8221;]\n<p class=\"p1\">Bartakova, J., Z\u00fa\u00f1iga, F., Guerbaai, R.A., Basinska, K., Brunkert, T., Simon, M., Denhaerynck, K., De Geest, S., Wellens, N.I.H., Serdaly, C., Kressig, R.W., Zeller, A., Popejoy, L., Nicca, D., Desmedt, M., De Pietro, C. <a href=\"https:\/\/bmcgeriatr.biomedcentral.com\/track\/pdf\/10.1186\/s12877-022-03182-5.pdf\" target=\"_blank\" rel=\"noopener\">Health Economic Evaluation of A Nurse-Led Care Model from The Nursing Home Perspective Focusing on Residents\u2019 Hospitalizations<\/a>. BMC Geriatrics. 2022; 22(496): 1-16<\/p>\n[\/spb_text_block] [spb_text_block pb_margin_bottom=&#8221;no&#8221; pb_border_bottom=&#8221;no&#8221; width=&#8221;1\/1&#8243; el_position=&#8221;first last&#8221;]\n<p class=\"p1\">Basinska, K., Z\u00fa\u00f1iga, F., Simon, M., De Geest, S., Guerbaai, R.A., Wellens, N.I.H., Nicca, D., Brunkert, T. <a href=\"https:\/\/bmcgeriatr.biomedcentral.com\/track\/pdf\/10.1186\/s12877-022-02878-y.pdf\" target=\"_blank\" rel=\"noopener\">Implementation of a complex intervention to reduce hospitalizations from nursing homes: A mixed-method evaluation of implementation process and outcomes<\/a>. BMC Geriatrics. 2022; 22(196): 1-14<\/p>\n[\/spb_text_block] [spb_text_block pb_margin_bottom=&#8221;no&#8221; pb_border_bottom=&#8221;no&#8221; width=&#8221;1\/1&#8243; el_position=&#8221;first last&#8221;]\n<p class=\"p2\">Guerbaai, R.A., Kressig, R.W., Zeller A., Tr\u00f6ger, M., Nickel, C.H., Benkert, B., Wellens, N.I.H., Osi\u0144ska, M., Simon, M., Z\u00fa\u00f1iga, F., <a href=\"https:\/\/reader.elsevier.com\/reader\/sd\/pii\/S1525861022001037?token=6E664244B1389579472E8E30F6EB454FBD5536D78A121DDD06EF4F1A096AFF4CD47C07B67FD0832DA3CF21BC97FCD877&amp;originRegion=eu-west-1&amp;originCreation=20220630081025\" target=\"_blank\" rel=\"noopener\">Identifying Appropriate Nursing Home Resources to Reduce Fall-Related Emergency Department Transfers<\/a>. The Journal of the American Directors Association. 2022; Available online.<\/p>\n[\/spb_text_block] [spb_text_block pb_margin_bottom=&#8221;no&#8221; pb_border_bottom=&#8221;no&#8221; width=&#8221;1\/1&#8243; el_position=&#8221;first last&#8221;]\n<p class=\"p2\">Z\u00fa\u00f1iga, F., (shared first authorship), Guerbaai, R.A., (shared first authorship), De Geest, S., Popejoy, L.L., Bartakova, J., Denhaerynck, K., Trutschel, D., Basinska, K., Nicca, D., Kressig, R.W., Zeller, A., Wellens, N.I.H., De Pietro, C., Desmedt, M., Serdaly, C., Simon, M. <a href=\"https:\/\/agsjournals.onlinelibrary.wiley.com\/doi\/epdf\/10.1111\/jgs.17677\" target=\"_blank\" rel=\"noopener\">Positive effect of the INTERCARE nurse-led model on reducing nursing home transfers: a non-randomized stepped-wedge design<\/a>. Journal of the American Geriatrics Society. 2022; <span dir=\"ltr\">70:1546<\/span><span dir=\"ltr\">\u2013<\/span><span dir=\"ltr\">1557<\/span><\/p>\n[\/spb_text_block] [spb_text_block pb_margin_bottom=&#8221;no&#8221; pb_border_bottom=&#8221;no&#8221; width=&#8221;1\/1&#8243; el_position=&#8221;first last&#8221;]\n<h3>2021<\/h3>\n<p>Basinska, K.,\u00a0 K\u00fcnzler-Heule, P., Guerbaai, RA., Z\u00fa\u00f1iga, F., Simon, M., Wellens, N. I. H.,\u00a0 Serdaly, C., Nicca, D. <a href=\"https:\/\/academic.oup.com\/gerontologist\/advance-article\/doi\/10.1093\/geront\/gnab027\/6149147\" target=\"_blank\" rel=\"noopener\">Residents\u2019 and Relatives\u2019 Experiences of Acute Situations: A Qualitative Study to Inform a Care Model.<\/a> <em>The Gerontologist,<\/em><i>\u00a0n\/a<\/i>(n\/a), 1-12. doi:10.1093\/geront\/gnab027<\/p>\n[\/spb_text_block] [spb_text_block pb_margin_bottom=&#8221;no&#8221; pb_border_bottom=&#8221;no&#8221; width=&#8221;1\/1&#8243; el_position=&#8221;first last&#8221;]\n<h3>2020<\/h3>\n<p>Basinska, K., Wellens, N. I. H., Simon, M., Zeller, A., Kressig, R. W., &amp; Z\u00fa\u00f1iga, F. <a href=\"https:\/\/onlinelibrary.wiley.com\/doi\/full\/10.1111\/jan.14644\" target=\"_blank\" rel=\"noopener\">Registered nurses in expanded roles improve care in nursing homes: Swiss perspective based on the modified Delphi method<\/a>. <i>Journal of Advanced Nursing, n\/a<\/i>(n\/a). doi:10.1111\/jan.14644<\/p>\n[\/spb_text_block] [spb_text_block pb_margin_bottom=&#8221;no&#8221; pb_border_bottom=&#8221;no&#8221; width=&#8221;1\/1&#8243; el_position=&#8221;first last&#8221;]\n<h3>2019<\/h3>\n<p>Franziska Z\u00fa\u00f1iga, Sabina De Geest, Rapha\u00eblle Ashley Guerbaai, Kornelia Basinska, Dunja Nicca, Reto W. Kressig, Andreas Zeller, Nathalie I.H. Wellens, Carlo De Pietro, Ellen Vlaeyen, Mario Desmedt, Christine Serdaly, Michael Simon (2019). <a href=\"https:\/\/doi.org\/10.1111\/jgs.16074\" target=\"_blank\" rel=\"noopener\">Strengthening Geriatric Expertise in Swiss Nursing Homes: INTERCARE Implementation Study Protocol.<\/a>\u00a0<i>Journal of the American Geriatrics Society<\/i>,\u00a0<i>67<\/i>(10), 2145-2150. DOI: <a href=\"https:\/\/doi.org\/10.1111\/jgs.16074\">https:\/\/doi.org\/10.1111\/jgs.16074<\/a>.<\/p>\n[\/spb_text_block] [spb_text_block pb_margin_bottom=&#8221;no&#8221; pb_border_bottom=&#8221;no&#8221; width=&#8221;1\/1&#8243; el_position=&#8221;first last&#8221;]\n<h3>2017<\/h3>\n<p>Franziska Z\u00fa\u00f1iga, Kornelia Basinska, Reto W. Kressig, Andreas Zeller, Michael Simon (2017). <a href=\"https:\/\/doi.org\/10.4414\/phc-d.2017.01553\" target=\"_blank\" rel=\"noopener noreferrer\">Das Projekt INTERCARE, Pflegegeleitete Versorgungs\u00admodelle in der Langzeitpflege.<\/a> <em>Primary and Hospital Care, 17<\/em>(14), 270-271. DOI: <a href=\"https:\/\/doi.org\/10.4414\/phc-d.2017.01553\">https:\/\/doi.org\/10.4414\/phc-d.2017.01553<\/a>.<\/p>\n<p>SBK-Magazine April 17 &#8211; INTERCARE (1)<\/p>\n[\/spb_text_block] [blank_spacer height=&#8221;30px&#8221; width=&#8221;1\/1&#8243; el_position=&#8221;first last&#8221;] [spb_text_block pb_margin_bottom=&#8221;yes&#8221; pb_border_bottom=&#8221;no&#8221; width=&#8221;1\/1&#8243; el_position=&#8221;first last&#8221;]\n<h2>Presentations<\/h2>\n[\/spb_text_block] [spb_single_image image=&#8221;1028&#8243; image_size=&#8221;full&#8221; frame=&#8221;noframe&#8221; intro_animation=&#8221;none&#8221; full_width=&#8221;no&#8221; lightbox=&#8221;yes&#8221; image_link=&#8221;https:\/\/intercare.nursing.unibas.ch\/wp-content\/uploads\/2019\/06\/INTERCARE-SBK-Kongress-DE-FINAL.pdf&#8221; link_target=&#8221;_blank&#8221; caption=&#8221;SBK Congress, May 16 &#8211; 17, 2019&#8243; width=&#8221;1\/3&#8243; el_position=&#8221;first&#8221;] [spb_single_image image=&#8221;1974&#8243; image_size=&#8221;full&#8221; frame=&#8221;noframe&#8221; intro_animation=&#8221;none&#8221; full_width=&#8221;no&#8221; lightbox=&#8221;yes&#8221; image_link=&#8221;https:\/\/intercare.nursing.unibas.ch\/wp-content\/uploads\/2021\/10\/02_Wellens-et-al_intercare_Phase-A_CALASS-confe\u0301rence_septembre-2021_xx.pdf&#8221; link_target=&#8221;_blank&#8221; caption=&#8221;CALASS, September 16 &#8211; 18, 2021&#8243; width=&#8221;1\/3&#8243;] [spb_single_image image=&#8221;1985&#8243; image_size=&#8221;full&#8221; frame=&#8221;noframe&#8221; intro_animation=&#8221;none&#8221; full_width=&#8221;no&#8221; lightbox=&#8221;yes&#8221; image_link=&#8221;https:\/\/intercare.nursing.unibas.ch\/wp-content\/uploads\/2021\/10\/181008_Luzern-conference_final.pdf&#8221; link_target=&#8221;_blank&#8221; caption=&#8221;Zentralschweizer Pflegesymposium Management &amp; ANP, 16 &#8211; 17 October 2018&#8243; width=&#8221;1\/3&#8243; el_position=&#8221;last&#8221;] [blank_spacer height=&#8221;30px&#8221; width=&#8221;2\/3&#8243; el_position=&#8221;first last&#8221;] [\/spb_column]<\/p>\n","protected":false},"excerpt":{"rendered":"<p>[blank_spacer height=&#8221;30px&#8221; width=&#8221;1\/1&#8243; el_position=&#8221;first last&#8221;] [spb_column width=&#8221;1\/1&#8243; el_position=&#8221;first last&#8221;] [spb_text_block pb_margin_bottom=&#8221;yes&#8221; pb_border_bottom=&#8221;no&#8221; width=&#8221;1\/1&#8243; el_position=&#8221;first last&#8221;] National Report\u00a0 [\/spb_text_block] [spb_text_block pb_margin_bottom=&#8221;yes&#8221; pb_border_bottom=&#8221;no&#8221; width=&#8221;1\/4&#8243; el_position=&#8221;first&#8221;] INTERCARE national report April 21 [\/spb_text_block] [spb_text_block pb_margin_bottom=&#8221;yes&#8221; pb_border_bottom=&#8221;no&#8221; width=&#8221;1\/4&#8243;] INTERCARE national report \u2013 summary April 21 [\/spb_text_block] [spb_text_block pb_margin_bottom=&#8221;yes&#8221; pb_border_bottom=&#8221;no&#8221; width=&#8221;1\/4&#8243;] INTERCARE nationale report \u2013 appendix 2 April 21 [\/spb_text_block] [spb_text_block pb_margin_bottom=&#8221;yes&#8221; pb_border_bottom=&#8221;no&#8221; width=&#8221;1\/4&#8243; el_position=&#8221;last&#8221;][\/spb_text_block] [blank_spacer [&hellip;]<\/p>\n","protected":false},"author":1,"featured_media":0,"parent":0,"menu_order":0,"comment_status":"closed","ping_status":"closed","template":"","meta":{"footnotes":""},"folder":[30],"class_list":["post-1093","page","type-page","status-publish","hentry"],"yoast_head":"<!-- This site is optimized with the Yoast SEO plugin v27.4 - https:\/\/yoast.com\/product\/yoast-seo-wordpress\/ -->\n<title>V1 Publications - Intercare<\/title>\n<meta name=\"robots\" content=\"index, follow, max-snippet:-1, max-image-preview:large, max-video-preview:-1\" \/>\n<link rel=\"canonical\" href=\"https:\/\/intercare.nursing.unibas.ch\/en\/publications_v1\/\" \/>\n<meta property=\"og:locale\" content=\"en_US\" \/>\n<meta property=\"og:type\" content=\"article\" \/>\n<meta property=\"og:title\" content=\"V1 Publications - Intercare\" \/>\n<meta property=\"og:description\" content=\"[blank_spacer height=&#8221;30px&#8221; width=&#8221;1\/1&#8243; el_position=&#8221;first last&#8221;] [spb_column width=&#8221;1\/1&#8243; el_position=&#8221;first last&#8221;] [spb_text_block pb_margin_bottom=&#8221;yes&#8221; pb_border_bottom=&#8221;no&#8221; width=&#8221;1\/1&#8243; el_position=&#8221;first last&#8221;] National Report\u00a0 [\/spb_text_block] [spb_text_block pb_margin_bottom=&#8221;yes&#8221; pb_border_bottom=&#8221;no&#8221; width=&#8221;1\/4&#8243; el_position=&#8221;first&#8221;] INTERCARE national report April 21 [\/spb_text_block] [spb_text_block pb_margin_bottom=&#8221;yes&#8221; pb_border_bottom=&#8221;no&#8221; width=&#8221;1\/4&#8243;] INTERCARE national report \u2013 summary April 21 [\/spb_text_block] [spb_text_block pb_margin_bottom=&#8221;yes&#8221; pb_border_bottom=&#8221;no&#8221; width=&#8221;1\/4&#8243;] INTERCARE nationale report \u2013 appendix 2 April 21 [\/spb_text_block] [spb_text_block pb_margin_bottom=&#8221;yes&#8221; pb_border_bottom=&#8221;no&#8221; width=&#8221;1\/4&#8243; el_position=&#8221;last&#8221;][\/spb_text_block] [blank_spacer [&hellip;]\" \/>\n<meta property=\"og:url\" content=\"https:\/\/intercare.nursing.unibas.ch\/en\/publications_v1\/\" \/>\n<meta property=\"og:site_name\" content=\"Intercare\" \/>\n<meta property=\"article:modified_time\" content=\"2023-04-29T07:48:22+00:00\" \/>\n<meta property=\"og:image\" content=\"https:\/\/intercare.nursing.unibas.ch\/wp-content\/uploads\/2021\/04\/intercare-national-report.png\" \/>\n<meta name=\"twitter:card\" content=\"summary_large_image\" \/>\n<meta name=\"twitter:label1\" content=\"Est. reading time\" \/>\n\t<meta name=\"twitter:data1\" content=\"5 minutes\" \/>\n<script type=\"application\/ld+json\" class=\"yoast-schema-graph\">{\"@context\":\"https:\\\/\\\/schema.org\",\"@graph\":[{\"@type\":\"WebPage\",\"@id\":\"https:\\\/\\\/intercare.nursing.unibas.ch\\\/en\\\/publications_v1\\\/\",\"url\":\"https:\\\/\\\/intercare.nursing.unibas.ch\\\/en\\\/publications_v1\\\/\",\"name\":\"V1 Publications - Intercare\",\"isPartOf\":{\"@id\":\"https:\\\/\\\/intercare.nursing.unibas.ch\\\/#website\"},\"primaryImageOfPage\":{\"@id\":\"https:\\\/\\\/intercare.nursing.unibas.ch\\\/en\\\/publications_v1\\\/#primaryimage\"},\"image\":{\"@id\":\"https:\\\/\\\/intercare.nursing.unibas.ch\\\/en\\\/publications_v1\\\/#primaryimage\"},\"thumbnailUrl\":\"https:\\\/\\\/intercare.nursing.unibas.ch\\\/wp-content\\\/uploads\\\/2021\\\/04\\\/intercare-national-report.png\",\"datePublished\":\"2019-08-22T09:45:39+00:00\",\"dateModified\":\"2023-04-29T07:48:22+00:00\",\"breadcrumb\":{\"@id\":\"https:\\\/\\\/intercare.nursing.unibas.ch\\\/en\\\/publications_v1\\\/#breadcrumb\"},\"inLanguage\":\"en-US\",\"potentialAction\":[{\"@type\":\"ReadAction\",\"target\":[\"https:\\\/\\\/intercare.nursing.unibas.ch\\\/en\\\/publications_v1\\\/\"]}]},{\"@type\":\"ImageObject\",\"inLanguage\":\"en-US\",\"@id\":\"https:\\\/\\\/intercare.nursing.unibas.ch\\\/en\\\/publications_v1\\\/#primaryimage\",\"url\":\"https:\\\/\\\/intercare.nursing.unibas.ch\\\/wp-content\\\/uploads\\\/2021\\\/04\\\/intercare-national-report.png\",\"contentUrl\":\"https:\\\/\\\/intercare.nursing.unibas.ch\\\/wp-content\\\/uploads\\\/2021\\\/04\\\/intercare-national-report.png\"},{\"@type\":\"BreadcrumbList\",\"@id\":\"https:\\\/\\\/intercare.nursing.unibas.ch\\\/en\\\/publications_v1\\\/#breadcrumb\",\"itemListElement\":[{\"@type\":\"ListItem\",\"position\":1,\"name\":\"Startseite\",\"item\":\"https:\\\/\\\/intercare.nursing.unibas.ch\\\/en\\\/\"},{\"@type\":\"ListItem\",\"position\":2,\"name\":\"V1 Publications\"}]},{\"@type\":\"WebSite\",\"@id\":\"https:\\\/\\\/intercare.nursing.unibas.ch\\\/#website\",\"url\":\"https:\\\/\\\/intercare.nursing.unibas.ch\\\/\",\"name\":\"Intercare\",\"description\":\"Pflegegeleitete Vorsorgemodelle\",\"publisher\":{\"@id\":\"https:\\\/\\\/intercare.nursing.unibas.ch\\\/#organization\"},\"potentialAction\":[{\"@type\":\"SearchAction\",\"target\":{\"@type\":\"EntryPoint\",\"urlTemplate\":\"https:\\\/\\\/intercare.nursing.unibas.ch\\\/?s={search_term_string}\"},\"query-input\":{\"@type\":\"PropertyValueSpecification\",\"valueRequired\":true,\"valueName\":\"search_term_string\"}}],\"inLanguage\":\"en-US\"},{\"@type\":\"Organization\",\"@id\":\"https:\\\/\\\/intercare.nursing.unibas.ch\\\/#organization\",\"name\":\"Intercare\",\"url\":\"https:\\\/\\\/intercare.nursing.unibas.ch\\\/\",\"logo\":{\"@type\":\"ImageObject\",\"inLanguage\":\"en-US\",\"@id\":\"https:\\\/\\\/intercare.nursing.unibas.ch\\\/#\\\/schema\\\/logo\\\/image\\\/\",\"url\":\"https:\\\/\\\/intercare.nursing.unibas.ch\\\/wp-content\\\/uploads\\\/2023\\\/03\\\/cropped-interscale-intercare-reasearch-project.png\",\"contentUrl\":\"https:\\\/\\\/intercare.nursing.unibas.ch\\\/wp-content\\\/uploads\\\/2023\\\/03\\\/cropped-interscale-intercare-reasearch-project.png\",\"width\":334,\"height\":40,\"caption\":\"Intercare\"},\"image\":{\"@id\":\"https:\\\/\\\/intercare.nursing.unibas.ch\\\/#\\\/schema\\\/logo\\\/image\\\/\"}}]}<\/script>\n<!-- \/ Yoast SEO plugin. -->","yoast_head_json":{"title":"V1 Publications - Intercare","robots":{"index":"index","follow":"follow","max-snippet":"max-snippet:-1","max-image-preview":"max-image-preview:large","max-video-preview":"max-video-preview:-1"},"canonical":"https:\/\/intercare.nursing.unibas.ch\/en\/publications_v1\/","og_locale":"en_US","og_type":"article","og_title":"V1 Publications - Intercare","og_description":"[blank_spacer height=&#8221;30px&#8221; width=&#8221;1\/1&#8243; el_position=&#8221;first last&#8221;] [spb_column width=&#8221;1\/1&#8243; el_position=&#8221;first last&#8221;] [spb_text_block pb_margin_bottom=&#8221;yes&#8221; pb_border_bottom=&#8221;no&#8221; width=&#8221;1\/1&#8243; el_position=&#8221;first last&#8221;] National Report\u00a0 [\/spb_text_block] [spb_text_block pb_margin_bottom=&#8221;yes&#8221; pb_border_bottom=&#8221;no&#8221; width=&#8221;1\/4&#8243; el_position=&#8221;first&#8221;] INTERCARE national report April 21 [\/spb_text_block] [spb_text_block pb_margin_bottom=&#8221;yes&#8221; pb_border_bottom=&#8221;no&#8221; width=&#8221;1\/4&#8243;] INTERCARE national report \u2013 summary April 21 [\/spb_text_block] [spb_text_block pb_margin_bottom=&#8221;yes&#8221; pb_border_bottom=&#8221;no&#8221; width=&#8221;1\/4&#8243;] INTERCARE nationale report \u2013 appendix 2 April 21 [\/spb_text_block] [spb_text_block pb_margin_bottom=&#8221;yes&#8221; pb_border_bottom=&#8221;no&#8221; width=&#8221;1\/4&#8243; el_position=&#8221;last&#8221;][\/spb_text_block] [blank_spacer [&hellip;]","og_url":"https:\/\/intercare.nursing.unibas.ch\/en\/publications_v1\/","og_site_name":"Intercare","article_modified_time":"2023-04-29T07:48:22+00:00","og_image":[{"url":"https:\/\/intercare.nursing.unibas.ch\/wp-content\/uploads\/2021\/04\/intercare-national-report.png","type":"","width":"","height":""}],"twitter_card":"summary_large_image","twitter_misc":{"Est. reading time":"5 minutes"},"schema":{"@context":"https:\/\/schema.org","@graph":[{"@type":"WebPage","@id":"https:\/\/intercare.nursing.unibas.ch\/en\/publications_v1\/","url":"https:\/\/intercare.nursing.unibas.ch\/en\/publications_v1\/","name":"V1 Publications - Intercare","isPartOf":{"@id":"https:\/\/intercare.nursing.unibas.ch\/#website"},"primaryImageOfPage":{"@id":"https:\/\/intercare.nursing.unibas.ch\/en\/publications_v1\/#primaryimage"},"image":{"@id":"https:\/\/intercare.nursing.unibas.ch\/en\/publications_v1\/#primaryimage"},"thumbnailUrl":"https:\/\/intercare.nursing.unibas.ch\/wp-content\/uploads\/2021\/04\/intercare-national-report.png","datePublished":"2019-08-22T09:45:39+00:00","dateModified":"2023-04-29T07:48:22+00:00","breadcrumb":{"@id":"https:\/\/intercare.nursing.unibas.ch\/en\/publications_v1\/#breadcrumb"},"inLanguage":"en-US","potentialAction":[{"@type":"ReadAction","target":["https:\/\/intercare.nursing.unibas.ch\/en\/publications_v1\/"]}]},{"@type":"ImageObject","inLanguage":"en-US","@id":"https:\/\/intercare.nursing.unibas.ch\/en\/publications_v1\/#primaryimage","url":"https:\/\/intercare.nursing.unibas.ch\/wp-content\/uploads\/2021\/04\/intercare-national-report.png","contentUrl":"https:\/\/intercare.nursing.unibas.ch\/wp-content\/uploads\/2021\/04\/intercare-national-report.png"},{"@type":"BreadcrumbList","@id":"https:\/\/intercare.nursing.unibas.ch\/en\/publications_v1\/#breadcrumb","itemListElement":[{"@type":"ListItem","position":1,"name":"Startseite","item":"https:\/\/intercare.nursing.unibas.ch\/en\/"},{"@type":"ListItem","position":2,"name":"V1 Publications"}]},{"@type":"WebSite","@id":"https:\/\/intercare.nursing.unibas.ch\/#website","url":"https:\/\/intercare.nursing.unibas.ch\/","name":"Intercare","description":"Pflegegeleitete Vorsorgemodelle","publisher":{"@id":"https:\/\/intercare.nursing.unibas.ch\/#organization"},"potentialAction":[{"@type":"SearchAction","target":{"@type":"EntryPoint","urlTemplate":"https:\/\/intercare.nursing.unibas.ch\/?s={search_term_string}"},"query-input":{"@type":"PropertyValueSpecification","valueRequired":true,"valueName":"search_term_string"}}],"inLanguage":"en-US"},{"@type":"Organization","@id":"https:\/\/intercare.nursing.unibas.ch\/#organization","name":"Intercare","url":"https:\/\/intercare.nursing.unibas.ch\/","logo":{"@type":"ImageObject","inLanguage":"en-US","@id":"https:\/\/intercare.nursing.unibas.ch\/#\/schema\/logo\/image\/","url":"https:\/\/intercare.nursing.unibas.ch\/wp-content\/uploads\/2023\/03\/cropped-interscale-intercare-reasearch-project.png","contentUrl":"https:\/\/intercare.nursing.unibas.ch\/wp-content\/uploads\/2023\/03\/cropped-interscale-intercare-reasearch-project.png","width":334,"height":40,"caption":"Intercare"},"image":{"@id":"https:\/\/intercare.nursing.unibas.ch\/#\/schema\/logo\/image\/"}}]}},"_links":{"self":[{"href":"https:\/\/intercare.nursing.unibas.ch\/en\/wp-json\/wp\/v2\/pages\/1093","targetHints":{"allow":["GET"]}}],"collection":[{"href":"https:\/\/intercare.nursing.unibas.ch\/en\/wp-json\/wp\/v2\/pages"}],"about":[{"href":"https:\/\/intercare.nursing.unibas.ch\/en\/wp-json\/wp\/v2\/types\/page"}],"author":[{"embeddable":true,"href":"https:\/\/intercare.nursing.unibas.ch\/en\/wp-json\/wp\/v2\/users\/1"}],"replies":[{"embeddable":true,"href":"https:\/\/intercare.nursing.unibas.ch\/en\/wp-json\/wp\/v2\/comments?post=1093"}],"version-history":[{"count":29,"href":"https:\/\/intercare.nursing.unibas.ch\/en\/wp-json\/wp\/v2\/pages\/1093\/revisions"}],"predecessor-version":[{"id":2623,"href":"https:\/\/intercare.nursing.unibas.ch\/en\/wp-json\/wp\/v2\/pages\/1093\/revisions\/2623"}],"wp:attachment":[{"href":"https:\/\/intercare.nursing.unibas.ch\/en\/wp-json\/wp\/v2\/media?parent=1093"}],"wp:term":[{"taxonomy":"folder","embeddable":true,"href":"https:\/\/intercare.nursing.unibas.ch\/en\/wp-json\/wp\/v2\/folder?post=1093"}],"curies":[{"name":"wp","href":"https:\/\/api.w.org\/{rel}","templated":true}]}}